{"id":4142,"date":"2023-11-08T11:07:48","date_gmt":"2023-11-08T10:07:48","guid":{"rendered":"https:\/\/www.difree-project.it\/pr1-toolkit-come-lavorare-come-freelancer-online\/"},"modified":"2025-04-01T10:02:00","modified_gmt":"2025-04-01T08:02:00","slug":"pr1-toolkit-come-lavorare-come-freelancer-online","status":"publish","type":"page","link":"https:\/\/www.difree-project.it\/es\/pr1-toolkit-come-lavorare-come-freelancer-online\/","title":{"rendered":"PR1: Caja de Herramientas: C\u00f3mo Trabajar como Freelancer Online"},"content":{"rendered":"\n  <div id=\"page-header-1922164934\" class=\"page-header-wrapper\">\n  <div class=\"page-title light simple-title\">\n\n    \n    <div class=\"page-title-inner container align-center flex-row medium-flex-wrap\" >\n              <div class=\"title-wrapper flex-col text-left medium-text-center\">\n          <h1 class=\"entry-title mb-0\">\n            PR1: Caja de Herramientas: C\u00f3mo Trabajar como Freelancer Online          <\/h1>\n        <\/div>\n                    <div class=\"title-content flex-col flex-right text-right medium-text-center\">\n        <div class=\"title-breadcrumbs pb-half pt-half\"><\/div>      <\/div>\n    <\/div>\n\n       <\/div>\n    <\/div>\n  \n\n<div class=\"is-divider divider clearfix\" ><\/div>\n\n<h3>Una encuesta de mercado sobre el mercado laboral freelance.<\/h3>\n<a href=\"https:\/\/docs.google.com\/forms\/d\/1AZ4vfbXudXmXUCg-SFqEDAwGcov83aRgUNGnHuRusy8\/edit?ts=636cce63\" target=\"_blank\" class=\"button primary\" rel=\"noopener\"  >\n\t\t<span>encuesta de mercado<\/span>\n\t<\/a>\n\n\n<h3>Entrevistas en video a freelancers profesionales<\/h3>\n<a href=\"https:\/\/www.difree-project.it\/video-interviews\/\" class=\"button primary\"  >\n\t\t<span>entrevistas en v\u00eddeo<\/span>\n\t<\/a>\n\n\n<h3>Un e-book, How to freelance online (C\u00f3mo trabajar como freelancer online), traducido a los idiomas nacionales de los socios, con informaci\u00f3n pr\u00e1ctica sobre las habilidades y competencias necesarias para emprender una carrera como freelancer digital, el estatus legal del autoempleo y los aspectos fiscales aplicables en los pa\u00edses del consorcio.<br \/>\nEste manual se complementa con material did\u00e1ctico y actividades de aprendizaje interactivas, consistentes en lecturas, ejercicios para desarrollar vocabulario especializado en ingl\u00e9s y para ayudar a redactar el CV\/curr\u00edculum v\u00edtae\/portfolio, la solicitud de empleo, la carta de presentaci\u00f3n y textos \u00fatiles para la b\u00fasqueda de empleo, disponibles en el curso de libre acceso Moodle From Job Hunting to Cold Pitching.<br \/>\n<\/h3>\n<div class=\"row\"  id=\"row-1467461557\">\n\n\n\t<div id=\"col-272979885\" class=\"col small-12 large-12\"  >\n\t\t\t\t<div class=\"col-inner\"  >\n\t\t\t\n\t\t\t\n\n<a href=\"https:\/\/www.difree-project.it\/wp-content\/uploads\/2025\/03\/DiFree-Ebook-PDF_Spanish.pdf\" class=\"button primary\"  >\n\t\t<span>descargar libro electr\u00f3nico (espa\u00f1ol)<\/span>\n\t<i class=\"icon-angle-down\" aria-hidden=\"true\" ><\/i><\/a>\n\n\n<a href=\"https:\/\/www.difree-project.it\/wp-content\/uploads\/2025\/03\/DiFree-Ebook-PDF_Greek_compressed.pdf\" class=\"button primary\"  >\n\t\t<span>descargar libro electr\u00f3nico (griego)<\/span>\n\t<\/a>\n\n\n<a href=\"https:\/\/www.difree-project.it\/wp-content\/uploads\/2025\/03\/DiFREE-Toolkit-Ebook-1st-ed-PDF_English.pdf\" class=\"button primary\"  >\n\t\t<span>descargar libro electr\u00f3nico (ingl\u00e9s)<\/span>\n\t<i class=\"icon-angle-down\" aria-hidden=\"true\" ><\/i><\/a>\n\n\n<a href=\"https:\/\/www.difree-project.it\/wp-content\/uploads\/2025\/03\/DIFREE-Ebook-PDF_Italian.pdf\" class=\"button primary\"  >\n\t\t<span>descargar libro electr\u00f3nico (italiano)<\/span>\n\t<i class=\"icon-angle-down\" aria-hidden=\"true\" ><\/i><\/a>\n\n\n<a href=\"https:\/\/www.difree-project.it\/wp-content\/uploads\/2025\/03\/DiFree-Ebook-PDF_Portuguese.pdf\" class=\"button primary\"  >\n\t\t<span>descargar libro electr\u00f3nico (portugu\u00e9s)<\/span>\n\t<i class=\"icon-angle-down\" aria-hidden=\"true\" ><\/i><\/a>\n\n\n\n\t\t<\/div>\n\t\t\t\t\t<\/div>\n\n\t\n\n<\/div>\n<div>\n<h3>E-Book PDF Rev. 2\u00aa ed. con material did\u00e1ctico<\/h3>\n<\/div>\n<div class=\"row\"  id=\"row-827048575\">\n\n\n\t<div id=\"col-2001763122\" class=\"col small-12 large-12\"  >\n\t\t\t\t<div class=\"col-inner\"  >\n\t\t\t\n\t\t\t\n\n<a href=\"https:\/\/www.difree-project.it\/wp-content\/uploads\/2025\/04\/DiFree-Ebook-English-version-compressed.pdf\" class=\"button primary\"  >\n\t\t<span>DOWNLOAD EPUB (ENGLISH)<\/span>\n\t<\/a>\n\n\n<a href=\"https:\/\/www.difree-project.it\/wp-content\/uploads\/2025\/04\/DiFree-Ebook-Greek-version.pdf\" class=\"button primary\"  >\n\t\t<span>DOWNLOAD EPUB (GREEK)<\/span>\n\t<\/a>\n\n\n<a href=\"https:\/\/www.difree-project.it\/wp-content\/uploads\/2025\/04\/DiFree-Ebook-versione-in-italiano.pdf\" class=\"button primary\"  >\n\t\t<span>DOWNLOAD EPUB (ITALIAN)<\/span>\n\t<\/a>\n\n\n<a href=\"https:\/\/www.difree-project.it\/wp-content\/uploads\/2025\/04\/DiFree-Ebook-Portuguese-version.pdf\" class=\"button primary\"  >\n\t\t<span>DOWNLOAD EPUB (PORTUGUESE)<\/span>\n\t<\/a>\n\n\n<a href=\"https:\/\/www.difree-project.it\/wp-content\/uploads\/2025\/04\/DiFree-Ebook-Spanish-version.pdf\" class=\"button primary\"  >\n\t\t<span>DOWNLOAD EPUB (SPANISH)<\/span>\n\t<\/a>\n\n\n\n\t\t<\/div>\n\t\t\t\t\t<\/div>\n\n\t\n\n<\/div>\n\n\n","protected":false},"excerpt":{"rendered":"","protected":false},"author":1,"featured_media":0,"parent":0,"menu_order":0,"comment_status":"closed","ping_status":"closed","template":"","meta":{"footnotes":""},"class_list":["post-4142","page","type-page","status-publish","hentry"],"rttpg_featured_image_url":null,"rttpg_author":{"display_name":"viterbomarketing","author_link":"https:\/\/www.difree-project.it\/es\/author\/viterbomarketing\/"},"rttpg_comment":0,"rttpg_category":" <a href=\"https:\/\/www.difree-project.it\/es\/?taxonomy=translation_priority&#038;term=opcional\" rel=\"tag\">Opcional<\/a>","rttpg_excerpt":null,"_links":{"self":[{"href":"https:\/\/www.difree-project.it\/es\/wp-json\/wp\/v2\/pages\/4142","targetHints":{"allow":["GET"]}}],"collection":[{"href":"https:\/\/www.difree-project.it\/es\/wp-json\/wp\/v2\/pages"}],"about":[{"href":"https:\/\/www.difree-project.it\/es\/wp-json\/wp\/v2\/types\/page"}],"author":[{"embeddable":true,"href":"https:\/\/www.difree-project.it\/es\/wp-json\/wp\/v2\/users\/1"}],"replies":[{"embeddable":true,"href":"https:\/\/www.difree-project.it\/es\/wp-json\/wp\/v2\/comments?post=4142"}],"version-history":[{"count":11,"href":"https:\/\/www.difree-project.it\/es\/wp-json\/wp\/v2\/pages\/4142\/revisions"}],"predecessor-version":[{"id":5376,"href":"https:\/\/www.difree-project.it\/es\/wp-json\/wp\/v2\/pages\/4142\/revisions\/5376"}],"wp:attachment":[{"href":"https:\/\/www.difree-project.it\/es\/wp-json\/wp\/v2\/media?parent=4142"}],"curies":[{"name":"wp","href":"https:\/\/api.w.org\/{rel}","templated":true}]}}