{"id":4148,"date":"2023-11-08T11:08:04","date_gmt":"2023-11-08T10:08:04","guid":{"rendered":"https:\/\/www.difree-project.it\/pr2-digital-multilingual-repository\/"},"modified":"2024-06-03T13:23:01","modified_gmt":"2024-06-03T11:23:01","slug":"pr2-digital-multilingual-repository","status":"publish","type":"page","link":"https:\/\/www.difree-project.it\/es\/pr2-digital-multilingual-repository\/","title":{"rendered":"PR2: Repositorio Digital Multiling\u00fce"},"content":{"rendered":"\n  <div id=\"page-header-1488098321\" class=\"page-header-wrapper\">\n  <div class=\"page-title light simple-title\">\n\n    \n    <div class=\"page-title-inner container align-center flex-row medium-flex-wrap\" >\n              <div class=\"title-wrapper flex-col text-left medium-text-center\">\n          <h1 class=\"entry-title mb-0\">\n            PR2: Repositorio Digital Multiling\u00fce          <\/h1>\n        <\/div>\n                    <div class=\"title-content flex-col flex-right text-right medium-text-center\">\n        <div class=\"title-breadcrumbs pb-half pt-half\"><\/div>      <\/div>\n    <\/div>\n\n       <\/div>\n    <\/div>\n  \n\n<div class=\"is-divider divider clearfix\" ><\/div>\n\n<a href=\"\/doc-repo\/\" class=\"button primary\"  >\n\t\t<span>repository<\/span>\n\t<\/a>\n\n\n<p>Un OER en forma de un repositorio de contenido de muestras de cartera\/CV\/curriculum multiling\u00fces y multimodales enriquecido con un curso Moodle de libre acceso <em>From Job Hunting to Cold Pitching<\/em> (De la b\u00fasqueda de empleo a la b\u00fasqueda de clientes) que proporciona lecturas interactivas y ejercicios ling\u00fc\u00edsticos, glosarios, listas de vocabulario y fraseolog\u00eda \u00fatil para ayudar a los buscadores de empleo y clientes a conocer las competencias requeridas, desarrollar el micro lenguaje y mejorar las habilidades de escritura necesarias para tener \u00e9xito en la b\u00fasqueda de empleo y clientes en el mercado global.<\/p>\n\n","protected":false},"excerpt":{"rendered":"","protected":false},"author":1,"featured_media":0,"parent":0,"menu_order":0,"comment_status":"closed","ping_status":"closed","template":"","meta":{"footnotes":""},"class_list":["post-4148","page","type-page","status-publish","hentry"],"rttpg_featured_image_url":null,"rttpg_author":{"display_name":"viterbomarketing","author_link":"https:\/\/www.difree-project.it\/es\/author\/viterbomarketing\/"},"rttpg_comment":0,"rttpg_category":" <a href=\"https:\/\/www.difree-project.it\/es\/?taxonomy=translation_priority&#038;term=opcional\" rel=\"tag\">Opcional<\/a>","rttpg_excerpt":null,"_links":{"self":[{"href":"https:\/\/www.difree-project.it\/es\/wp-json\/wp\/v2\/pages\/4148","targetHints":{"allow":["GET"]}}],"collection":[{"href":"https:\/\/www.difree-project.it\/es\/wp-json\/wp\/v2\/pages"}],"about":[{"href":"https:\/\/www.difree-project.it\/es\/wp-json\/wp\/v2\/types\/page"}],"author":[{"embeddable":true,"href":"https:\/\/www.difree-project.it\/es\/wp-json\/wp\/v2\/users\/1"}],"replies":[{"embeddable":true,"href":"https:\/\/www.difree-project.it\/es\/wp-json\/wp\/v2\/comments?post=4148"}],"version-history":[{"count":5,"href":"https:\/\/www.difree-project.it\/es\/wp-json\/wp\/v2\/pages\/4148\/revisions"}],"predecessor-version":[{"id":4158,"href":"https:\/\/www.difree-project.it\/es\/wp-json\/wp\/v2\/pages\/4148\/revisions\/4158"}],"wp:attachment":[{"href":"https:\/\/www.difree-project.it\/es\/wp-json\/wp\/v2\/media?parent=4148"}],"curies":[{"name":"wp","href":"https:\/\/api.w.org\/{rel}","templated":true}]}}