{"id":4153,"date":"2023-11-08T11:08:20","date_gmt":"2023-11-08T10:08:20","guid":{"rendered":"https:\/\/www.difree-project.it\/pr3-mentorship-program\/"},"modified":"2025-03-27T09:02:20","modified_gmt":"2025-03-27T08:02:20","slug":"pr3-mentorship-program","status":"publish","type":"page","link":"https:\/\/www.difree-project.it\/es\/pr3-mentorship-program\/","title":{"rendered":"PR3: Programa de Mentor\u00eda"},"content":{"rendered":"\n  <div id=\"page-header-225282780\" class=\"page-header-wrapper\">\n  <div class=\"page-title light simple-title\">\n\n    \n    <div class=\"page-title-inner container align-center flex-row medium-flex-wrap\" >\n              <div class=\"title-wrapper flex-col text-left medium-text-center\">\n          <h1 class=\"entry-title mb-0\">\n            PR3: Programa de Mentor\u00eda          <\/h1>\n        <\/div>\n                    <div class=\"title-content flex-col flex-right text-right medium-text-center\">\n        <div class=\"title-breadcrumbs pb-half pt-half\"><\/div>      <\/div>\n    <\/div>\n\n       <\/div>\n    <\/div>\n  \n\n<div class=\"is-divider divider clearfix\" ><\/div>\n\n<p>El Programa de Mentor\u00eda DiFree es un curso modular en formato de v\u00eddeo alojado en la plataforma Moodle del ISCAP <a href=\"https:\/\/online.iscap.ipp.pt\/formar35\/course\/view.php?id=325\" target=\"_blank\" rel=\"noopener\">https:\/\/online.iscap.ipp.pt\/formar35\/course\/view.php?id=325<\/a> y vinculado a la p\u00e1gina web del Proyecto DiFree. El acceso est\u00e1 disponible para los usuarios interesados mediante las siguientes credenciales:<br \/>Nombre de usuario: difree_guest | Contrase\u00f1a: DI_free789<br \/>Est\u00e1 dise\u00f1ado para guiar a estudiantes y reci\u00e9n graduados a trav\u00e9s de las etapas esenciales de una relaci\u00f3n de mentor\u00eda en el contexto del trabajo freelance digital. Dividido en 8 secciones, con un total de 15 v\u00eddeos, el curso se complementa con material did\u00e1ctico descargable y transcripciones multiling\u00fces de los contenidos. Cubre desde la comprensi\u00f3n de qu\u00e9 es la mentor\u00eda, la definici\u00f3n de objetivos, la gesti\u00f3n de las reuniones entre mentor y aprendiz, hasta el cierre significativo del proceso.<br \/>Los participantes obtendr\u00e1n conocimientos sobre los roles del mentor y del mentee, estrategias para el desarrollo personal y profesional, y consejos para afrontar desaf\u00edos con confianza y claridad. Entrevistas reales con mentores experimentados complementan las lecciones y ofrecen consejos pr\u00e1cticos para enriquecer esta experiencia de aprendizaje.<\/p>\n\n","protected":false},"excerpt":{"rendered":"","protected":false},"author":1,"featured_media":0,"parent":0,"menu_order":0,"comment_status":"closed","ping_status":"closed","template":"","meta":{"footnotes":""},"class_list":["post-4153","page","type-page","status-publish","hentry"],"rttpg_featured_image_url":null,"rttpg_author":{"display_name":"viterbomarketing","author_link":"https:\/\/www.difree-project.it\/es\/author\/viterbomarketing\/"},"rttpg_comment":0,"rttpg_category":" <a href=\"https:\/\/www.difree-project.it\/es\/?taxonomy=translation_priority&#038;term=opcional\" rel=\"tag\">Opcional<\/a>","rttpg_excerpt":null,"_links":{"self":[{"href":"https:\/\/www.difree-project.it\/es\/wp-json\/wp\/v2\/pages\/4153","targetHints":{"allow":["GET"]}}],"collection":[{"href":"https:\/\/www.difree-project.it\/es\/wp-json\/wp\/v2\/pages"}],"about":[{"href":"https:\/\/www.difree-project.it\/es\/wp-json\/wp\/v2\/types\/page"}],"author":[{"embeddable":true,"href":"https:\/\/www.difree-project.it\/es\/wp-json\/wp\/v2\/users\/1"}],"replies":[{"embeddable":true,"href":"https:\/\/www.difree-project.it\/es\/wp-json\/wp\/v2\/comments?post=4153"}],"version-history":[{"count":5,"href":"https:\/\/www.difree-project.it\/es\/wp-json\/wp\/v2\/pages\/4153\/revisions"}],"predecessor-version":[{"id":5271,"href":"https:\/\/www.difree-project.it\/es\/wp-json\/wp\/v2\/pages\/4153\/revisions\/5271"}],"wp:attachment":[{"href":"https:\/\/www.difree-project.it\/es\/wp-json\/wp\/v2\/media?parent=4153"}],"curies":[{"name":"wp","href":"https:\/\/api.w.org\/{rel}","templated":true}]}}