{"id":4162,"date":"2023-11-08T11:08:39","date_gmt":"2023-11-08T10:08:39","guid":{"rendered":"https:\/\/www.difree-project.it\/pr4-self-evaluation-self-vocational-assessment-tool\/"},"modified":"2025-03-31T09:14:43","modified_gmt":"2025-03-31T07:14:43","slug":"pr4-self-evaluation-self-vocational-assessment-tool","status":"publish","type":"page","link":"https:\/\/www.difree-project.it\/es\/pr4-self-evaluation-self-vocational-assessment-tool\/","title":{"rendered":"PR4: Herramienta de Autoevaluaci\u00f3n de Las Competencias Personales y Profesionales"},"content":{"rendered":"\n  <div id=\"page-header-1947490769\" class=\"page-header-wrapper\">\n  <div class=\"page-title light simple-title\">\n\n    \n    <div class=\"page-title-inner container align-center flex-row medium-flex-wrap\" >\n              <div class=\"title-wrapper flex-col text-left medium-text-center\">\n          <h1 class=\"entry-title mb-0\">\n            PR4: Herramienta de Autoevaluaci\u00f3n de Las Competencias Personales y Profesionales          <\/h1>\n        <\/div>\n                    <div class=\"title-content flex-col flex-right text-right medium-text-center\">\n        <div class=\"title-breadcrumbs pb-half pt-half\"><\/div>      <\/div>\n    <\/div>\n\n       <\/div>\n    <\/div>\n  \n\n<div class=\"is-divider divider clearfix\" ><\/div>\n\n<p>Una herramienta de autoevaluaci\u00f3n de las competencias personales y profesionales que consiste en una plataforma donde los usuarios pueden evaluar sus competencias digitales y emprendedoras y hacer un seguimiento de su desarrollo y mejora en el tiempo.<\/p>\n<p>El Cuestionario de Autoevaluaci\u00f3n y Autoorientaci\u00f3n Profesional DiFree est\u00e1 dise\u00f1ado para ayudar a estudiantes y aspirantes a freelancers a reflexionar sobre sus propias competencias digitales y emprendedoras.<br \/>\nUna vez registrados, los usuarios pueden acceder a un cuestionario interactivo basado en los marcos de referencia de la Comisi\u00f3n Europea: DIGCOMP (Marco Europeo de Competencia Digital) y ENTRECOMP (Marco Europeo de Competencia Emprendedora). Utilizando una escala de Likert, los usuarios eval\u00faan su nivel de confianza y experiencia en \u00e1reas clave de competencia.<br \/>\nAl finalizar el proceso, cada usuario recibe un informe personalizado que resume sus fortalezas y \u00e1reas de mejora.<br \/>\nEl cuestionario puede completarse nuevamente pasado un tiempo para evaluar la evoluci\u00f3n de las competencias y medir posibles mejoras.<br \/>\nEsta herramienta es ideal para fomentar la autoconciencia, el crecimiento personal y la planificaci\u00f3n de carrera en el contexto de la econom\u00eda digital freelance.<\/p>\n<a href=\"http:\/\/difree.uca.es\" target=\"_blank\" class=\"button primary\" rel=\"noopener\"  >\n\t\t<span>visit difree.uca.es<\/span>\n\t<i class=\"icon-angle-right\" aria-hidden=\"true\" ><\/i><\/a>\n\n\n<a href=\"https:\/\/www.difree-project.it\/wp-content\/uploads\/2025\/03\/Step-by-step-guide-to-the-use-of-the-Self-Assessment-Tool.pdf\" target=\"_blank\" class=\"button primary\" rel=\"noopener\"  >\n\t\t<span>Step by step guide to the use of the Self-Assessment Tool<\/span>\n\t<i class=\"icon-angle-right\" aria-hidden=\"true\" ><\/i><\/a>\n\n\n\n","protected":false},"excerpt":{"rendered":"","protected":false},"author":1,"featured_media":0,"parent":0,"menu_order":0,"comment_status":"closed","ping_status":"closed","template":"","meta":{"footnotes":""},"class_list":["post-4162","page","type-page","status-publish","hentry"],"rttpg_featured_image_url":null,"rttpg_author":{"display_name":"viterbomarketing","author_link":"https:\/\/www.difree-project.it\/es\/author\/viterbomarketing\/"},"rttpg_comment":0,"rttpg_category":" <a href=\"https:\/\/www.difree-project.it\/es\/?taxonomy=translation_priority&#038;term=opcional\" rel=\"tag\">Opcional<\/a>","rttpg_excerpt":null,"_links":{"self":[{"href":"https:\/\/www.difree-project.it\/es\/wp-json\/wp\/v2\/pages\/4162","targetHints":{"allow":["GET"]}}],"collection":[{"href":"https:\/\/www.difree-project.it\/es\/wp-json\/wp\/v2\/pages"}],"about":[{"href":"https:\/\/www.difree-project.it\/es\/wp-json\/wp\/v2\/types\/page"}],"author":[{"embeddable":true,"href":"https:\/\/www.difree-project.it\/es\/wp-json\/wp\/v2\/users\/1"}],"replies":[{"embeddable":true,"href":"https:\/\/www.difree-project.it\/es\/wp-json\/wp\/v2\/comments?post=4162"}],"version-history":[{"count":9,"href":"https:\/\/www.difree-project.it\/es\/wp-json\/wp\/v2\/pages\/4162\/revisions"}],"predecessor-version":[{"id":5344,"href":"https:\/\/www.difree-project.it\/es\/wp-json\/wp\/v2\/pages\/4162\/revisions\/5344"}],"wp:attachment":[{"href":"https:\/\/www.difree-project.it\/es\/wp-json\/wp\/v2\/media?parent=4162"}],"curies":[{"name":"wp","href":"https:\/\/api.w.org\/{rel}","templated":true}]}}