{"id":4168,"date":"2023-11-08T11:08:53","date_gmt":"2023-11-08T10:08:53","guid":{"rendered":"https:\/\/www.difree-project.it\/pr5-virtual-freelance-hubs\/"},"modified":"2025-04-01T10:46:13","modified_gmt":"2025-04-01T08:46:13","slug":"pr5-virtual-freelance-hubs","status":"publish","type":"page","link":"https:\/\/www.difree-project.it\/es\/pr5-virtual-freelance-hubs\/","title":{"rendered":"PR5: Hub Virtual De Freelancer"},"content":{"rendered":"\n  <div id=\"page-header-1203306778\" class=\"page-header-wrapper\">\n  <div class=\"page-title light simple-title\">\n\n    \n    <div class=\"page-title-inner container align-center flex-row medium-flex-wrap\" >\n              <div class=\"title-wrapper flex-col text-left medium-text-center\">\n          <h1 class=\"entry-title mb-0\">\n            PR5: Hub Virtual De Freelancer          <\/h1>\n        <\/div>\n                    <div class=\"title-content flex-col flex-right text-right medium-text-center\">\n        <div class=\"title-breadcrumbs pb-half pt-half\"><\/div>      <\/div>\n    <\/div>\n\n       <\/div>\n    <\/div>\n  \n\n<div class=\"is-divider divider clearfix\" ><\/div>\n\n<p>Lugares virtuales y f\u00edsicos donde los interesados pueden encontrar un lugar de encuentro para compartir y producir conocimientos y crear una comunidad de pr\u00e1ctica.<\/p>\n<p>El Freelance Hub, creado en el marco del proyecto DiFree y acogido por la Universidad Panteion, funciona como un centro de recursos tanto virtual como f\u00edsico para personas que siguen una carrera como trabajadores\/as freelance. Est\u00e1 dirigido a estudiantes de educaci\u00f3n superior, freelancers principiantes, docentes interesados en actuar como mentores, as\u00ed como a freelancers de nivel medio y senior, ofreci\u00e9ndoles informaci\u00f3n confiable, orientaci\u00f3n, programas de mentor\u00eda y oportunidades de formaci\u00f3n continua, mejora y reconversi\u00f3n de habilidades.<\/p>\n<p>El hub pone \u00e9nfasis en el desarrollo de competencias transversales y habilidades blandas (soft skills), facilitando un espacio donde estudiantes y egresados pueden conectarse, compartir conocimientos, organizar eventos e interactuar con la comunidad freelance.<\/p>\n<p>El sitio web ofrece noticias sobre pr\u00f3ximos eventos de desarrollo profesional, p\u00f3dcast sobre c\u00f3mo construir una carrera y buscar empleo, enlaces a portales ocupacionales y a los sitios web de instituciones nacionales asociadas relacionadas con el empleo, as\u00ed como entrevistas en video con profesionales freelance grabadas durante el desarrollo del Proyecto DiFree.<\/p>\n<a href=\"https:\/\/difree-hub.eu\/\" class=\"button primary\"  >\n\t\t<span>freelance hub<\/span>\n\t<\/a>\n\n\n\n","protected":false},"excerpt":{"rendered":"","protected":false},"author":1,"featured_media":0,"parent":0,"menu_order":0,"comment_status":"closed","ping_status":"closed","template":"","meta":{"footnotes":""},"class_list":["post-4168","page","type-page","status-publish","hentry"],"rttpg_featured_image_url":null,"rttpg_author":{"display_name":"viterbomarketing","author_link":"https:\/\/www.difree-project.it\/es\/author\/viterbomarketing\/"},"rttpg_comment":0,"rttpg_category":" <a href=\"https:\/\/www.difree-project.it\/es\/?taxonomy=translation_priority&#038;term=opcional\" rel=\"tag\">Opcional<\/a>","rttpg_excerpt":null,"_links":{"self":[{"href":"https:\/\/www.difree-project.it\/es\/wp-json\/wp\/v2\/pages\/4168","targetHints":{"allow":["GET"]}}],"collection":[{"href":"https:\/\/www.difree-project.it\/es\/wp-json\/wp\/v2\/pages"}],"about":[{"href":"https:\/\/www.difree-project.it\/es\/wp-json\/wp\/v2\/types\/page"}],"author":[{"embeddable":true,"href":"https:\/\/www.difree-project.it\/es\/wp-json\/wp\/v2\/users\/1"}],"replies":[{"embeddable":true,"href":"https:\/\/www.difree-project.it\/es\/wp-json\/wp\/v2\/comments?post=4168"}],"version-history":[{"count":6,"href":"https:\/\/www.difree-project.it\/es\/wp-json\/wp\/v2\/pages\/4168\/revisions"}],"predecessor-version":[{"id":5391,"href":"https:\/\/www.difree-project.it\/es\/wp-json\/wp\/v2\/pages\/4168\/revisions\/5391"}],"wp:attachment":[{"href":"https:\/\/www.difree-project.it\/es\/wp-json\/wp\/v2\/media?parent=4168"}],"curies":[{"name":"wp","href":"https:\/\/api.w.org\/{rel}","templated":true}]}}