{"id":4174,"date":"2023-11-08T11:09:12","date_gmt":"2023-11-08T10:09:12","guid":{"rendered":"https:\/\/www.difree-project.it\/pr6-transferability-manual\/"},"modified":"2024-06-03T13:38:38","modified_gmt":"2024-06-03T11:38:38","slug":"pr6-transferability-manual","status":"publish","type":"page","link":"https:\/\/www.difree-project.it\/es\/pr6-transferability-manual\/","title":{"rendered":"PR6: Manual De Transferibilidad"},"content":{"rendered":"\n  <div id=\"page-header-343922619\" class=\"page-header-wrapper\">\n  <div class=\"page-title light simple-title\">\n\n    \n    <div class=\"page-title-inner container align-center flex-row medium-flex-wrap\" >\n              <div class=\"title-wrapper flex-col text-left medium-text-center\">\n          <h1 class=\"entry-title mb-0\">\n            PR6: Manual De Transferibilidad          <\/h1>\n        <\/div>\n                    <div class=\"title-content flex-col flex-right text-right medium-text-center\">\n        <div class=\"title-breadcrumbs pb-half pt-half\"><\/div>      <\/div>\n    <\/div>\n\n       <\/div>\n    <\/div>\n  \n\n<div class=\"is-divider divider clearfix\" ><\/div>\n\n<p>Un Transferability Manual (Manual de transferibilidad) final que describe los resultados del proyecto con los pasos intermedios tomados para lograr los PR (resultados de los productos), es decir, todas las actividades realizadas desde el inicio del proyecto: una encuesta inicial de mercado freelance, entrevistas en video con freelancers profesionales, discusiones de grupo con estudiantes, profesionales aut\u00f3nomos y solopreneurs sobre la importancia de los niveles de competencia y \u00e1reas principales de DigComp y EntreComp, y la recopilaci\u00f3n de historias de \u00e9xito y consejos \u00fatiles para los aspirantes a freelancers, obtenidos de mentores y participantes en los hubs.<\/p>\n\n\n","protected":false},"excerpt":{"rendered":"","protected":false},"author":1,"featured_media":0,"parent":0,"menu_order":0,"comment_status":"closed","ping_status":"closed","template":"","meta":{"footnotes":""},"class_list":["post-4174","page","type-page","status-publish","hentry"],"rttpg_featured_image_url":null,"rttpg_author":{"display_name":"viterbomarketing","author_link":"https:\/\/www.difree-project.it\/es\/author\/viterbomarketing\/"},"rttpg_comment":0,"rttpg_category":" <a href=\"https:\/\/www.difree-project.it\/es\/?taxonomy=translation_priority&#038;term=opcional\" rel=\"tag\">Opcional<\/a>","rttpg_excerpt":null,"_links":{"self":[{"href":"https:\/\/www.difree-project.it\/es\/wp-json\/wp\/v2\/pages\/4174","targetHints":{"allow":["GET"]}}],"collection":[{"href":"https:\/\/www.difree-project.it\/es\/wp-json\/wp\/v2\/pages"}],"about":[{"href":"https:\/\/www.difree-project.it\/es\/wp-json\/wp\/v2\/types\/page"}],"author":[{"embeddable":true,"href":"https:\/\/www.difree-project.it\/es\/wp-json\/wp\/v2\/users\/1"}],"replies":[{"embeddable":true,"href":"https:\/\/www.difree-project.it\/es\/wp-json\/wp\/v2\/comments?post=4174"}],"version-history":[{"count":3,"href":"https:\/\/www.difree-project.it\/es\/wp-json\/wp\/v2\/pages\/4174\/revisions"}],"predecessor-version":[{"id":4178,"href":"https:\/\/www.difree-project.it\/es\/wp-json\/wp\/v2\/pages\/4174\/revisions\/4178"}],"wp:attachment":[{"href":"https:\/\/www.difree-project.it\/es\/wp-json\/wp\/v2\/media?parent=4174"}],"curies":[{"name":"wp","href":"https:\/\/api.w.org\/{rel}","templated":true}]}}