{"id":4202,"date":"2023-11-27T11:40:02","date_gmt":"2023-11-27T10:40:02","guid":{"rendered":"https:\/\/www.difree-project.it\/home-4\/"},"modified":"2024-06-03T16:07:10","modified_gmt":"2024-06-03T14:07:10","slug":"home-4","status":"publish","type":"page","link":"https:\/\/www.difree-project.it\/es\/","title":{"rendered":"Home"},"content":{"rendered":"\n\n\t<section class=\"section dark has-parallax\" id=\"section_2120343050\">\n\t\t<div class=\"section-bg fill\" data-parallax-container=\".section\" data-parallax-background data-parallax=\"-7\">\n\t\t\t<img loading=\"lazy\" decoding=\"async\" width=\"2560\" height=\"1710\" src=\"https:\/\/www.difree-project.it\/wp-content\/uploads\/2023\/11\/tyler-franta-iusJ25iYu1c-unsplash-1-scaled.jpg\" class=\"bg attachment- size-\" alt=\"\" \/>\t\t\t\t\t\t<div class=\"section-bg-overlay absolute fill\"><\/div>\n\t\t\t\n\n\t\t<\/div>\n\n\t\t\n\n\t\t<div class=\"section-content relative\">\n\t\t\t\n\n<div class=\"row align-center\"  id=\"row-889119737\">\n\n\n\t<div id=\"col-956841118\" class=\"col medium-10 small-12 large-7\"  >\n\t\t\t\t<div class=\"col-inner text-center\"  >\n\t\t\t\n\t\t\t\n\n<h6>DIFREE<\/h6>\n<h1 class=\"wp-block-heading\">Digital Freelancing for Higher Education Students and Recent Graduates<\/h1><\/p>\n<a href=\"https:\/\/www.difree-project.it\/project-overview\/\" class=\"button primary\"  style=\"border-radius:99px;padding:15px 30px 15px 30px;\">\n\t\t<span>Descripci\u00f3n del proyecto<\/span>\n\t<i class=\"icon-angle-right\" aria-hidden=\"true\" ><\/i><\/a>\n\n\n\n\t\t<\/div>\n\t\t\t\t\t<\/div>\n\n\t\n\n\n<style>\n#row-889119737 > .col > .col-inner {\n  padding: 180px 0px 0px 0px;\n}\n<\/style>\n<\/div>\n\n\t\t<\/div>\n\n\t\t\n<style>\n#section_2120343050 {\n  padding-top: 30px;\n  padding-bottom: 30px;\n  min-height: 600px;\n}\n#section_2120343050 .section-bg-overlay {\n  background-color: rgba(0, 0, 0, 0.61);\n}\n<\/style>\n\t<\/section>\n\t\n\n\t<section class=\"section\" id=\"section_1191616134\">\n\t\t<div class=\"section-bg fill\" >\n\t\t\t\t\t\t\t\t\t\n\t\t\t\n\n\t\t<\/div>\n\n\t\t\n\n\t\t<div class=\"section-content relative\">\n\t\t\t\n\n<div class=\"row\" style=\"max-width:1400px\" id=\"row-1365137481\">\n\n\n\t<div id=\"col-1788597122\" class=\"col small-12 large-12\"  >\n\t\t\t\t<div class=\"col-inner text-center\" style=\"background-color:rgb(255,255,255);\" >\n\t\t\t\n\t\t\t\n\n<div class=\"row\"  id=\"row-2115739314\">\n\n\n\t<div id=\"col-374029945\" class=\"col medium-8 small-12 large-8\"  >\n\t\t\t\t<div class=\"col-inner\"  >\n\t\t\t\n\t\t\t\n\n<p>Digital Freelancing (DiFree) es un proyecto Erasmus Plus KA2 de tres a\u00f1os de duraci\u00f3n, cuyo objetivo es proporcionar a los estudiantes universitarios y reci\u00e9n graduados las herramientas necesarias para tener \u00e9xito como freelancers, lo que cada vez depende m\u00e1s de las habilidades y los entornos laborales digitales.<\/p>\n<p>Este proyecto est\u00e1 formado por 5 instituciones europeas, incluidas 4 universidades y 1 spin-off universitaria que funciona como Centro de Transferencia Tecnol\u00f3gica 4.0, provenientes de Italia, Grecia, Portugal y Espa\u00f1a.<\/p>\n<p>El coordinador del proyecto es la Universidad de Tuscia (Italia).<\/p>\n\n\t\t<\/div>\n\t\t\t\t\n<style>\n#col-374029945 > .col-inner {\n  padding: 7% 10% 0px 5%;\n}\n<\/style>\n\t<\/div>\n\n\t\n\n\t<div id=\"col-271038809\" class=\"col medium-4 small-12 large-4\"  >\n\t\t\t\t<div class=\"col-inner\"  >\n\t\t\t\n\t\t\t\n\n\t<div class=\"img has-hover x md-x lg-x y md-y lg-y\" id=\"image_1790002631\">\n\t\t\t\t\t\t\t\t<div class=\"img-inner dark\" >\n\t\t\t<img loading=\"lazy\" decoding=\"async\" width=\"768\" height=\"544\" src=\"https:\/\/www.difree-project.it\/wp-content\/uploads\/2023\/11\/Logo-2-DiFree-768x544-1.png\" class=\"attachment-large size-large\" alt=\"\" srcset=\"https:\/\/www.difree-project.it\/wp-content\/uploads\/2023\/11\/Logo-2-DiFree-768x544-1.png 768w, https:\/\/www.difree-project.it\/wp-content\/uploads\/2023\/11\/Logo-2-DiFree-768x544-1-300x213.png 300w\" sizes=\"auto, (max-width: 768px) 100vw, 768px\" \/>\t\t\t\t\t\t\n\t\t\t\t\t<\/div>\n\t\t\t\t\t\t\t\t\n<style>\n#image_1790002631 {\n  width: 100%;\n}\n<\/style>\n\t<\/div>\n\t\n\n\t<div class=\"img has-hover x md-x lg-x y md-y lg-y\" id=\"image_281238738\">\n\t\t\t\t\t\t\t\t<div class=\"img-inner dark\" >\n\t\t\t<img loading=\"lazy\" decoding=\"async\" width=\"1020\" height=\"291\" src=\"https:\/\/www.difree-project.it\/wp-content\/uploads\/2023\/11\/eu_flag_co_funded_pos_rgb_left-1-1024x292-1.jpg\" class=\"attachment-large size-large\" alt=\"\" srcset=\"https:\/\/www.difree-project.it\/wp-content\/uploads\/2023\/11\/eu_flag_co_funded_pos_rgb_left-1-1024x292-1.jpg 1024w, https:\/\/www.difree-project.it\/wp-content\/uploads\/2023\/11\/eu_flag_co_funded_pos_rgb_left-1-1024x292-1-300x86.jpg 300w, https:\/\/www.difree-project.it\/wp-content\/uploads\/2023\/11\/eu_flag_co_funded_pos_rgb_left-1-1024x292-1-768x219.jpg 768w\" sizes=\"auto, (max-width: 1020px) 100vw, 1020px\" \/>\t\t\t\t\t\t\n\t\t\t\t\t<\/div>\n\t\t\t\t\t\t\t\t\n<style>\n#image_281238738 {\n  width: 100%;\n}\n<\/style>\n\t<\/div>\n\t\n\n\n\t\t<\/div>\n\t\t\t\t\t<\/div>\n\n\t\n\n<\/div>\n\t<div id=\"gap-496360045\" class=\"gap-element clearfix\" style=\"display:block; height:auto;\">\n\t\t\n<style>\n#gap-496360045 {\n  padding-top: 30px;\n}\n<\/style>\n\t<\/div>\n\t\n\n<div class=\"row row-collapse\"  id=\"row-437941292\">\n\n\n\t<div id=\"col-2089920206\" class=\"col medium-10 small-12 large-10\"  >\n\t\t\t\t<div class=\"col-inner\"  >\n\t\t\t\n\t\t\t\n\n<div class=\"row row-large row-divided\"  id=\"row-278720346\">\n\n\n\t<div id=\"col-310475218\" class=\"col medium-4 small-12 large-4\"  >\n\t\t\t\t<div class=\"col-inner\"  >\n\t\t\t\n\t\t\t\n\n\n\t<a class=\"plain\" href=\"https:\/\/www.difree-project.it\/es\/partners\/\" >\t<div class=\"icon-box featured-box icon-box-center text-center\"  >\n\t\t\t\t\t<div class=\"icon-box-img\" style=\"width: 60px\">\n\t\t\t\t<div class=\"icon\">\n\t\t\t\t\t<div class=\"icon-inner\" >\n\t\t\t\t\t\t<img loading=\"lazy\" decoding=\"async\" width=\"64\" height=\"64\" src=\"https:\/\/www.difree-project.it\/wp-content\/uploads\/2024\/01\/mining.png\" class=\"attachment-medium size-medium\" alt=\"\" \/>\t\t\t\t\t<\/div>\n\t\t\t\t<\/div>\n\t\t\t<\/div>\n\t\t\t\t<div class=\"icon-box-text last-reset\">\n\t\t\t\t\t\t\t\t\t\n\n<p>Quienes somos<\/p>\n<a href=\"https:\/\/www.difree-project.it\/es\/partners\/\" class=\"button secondary is-link\"  >\n\t\t<span>Saber m\u00e1s<\/span>\n\t<\/a>\n\n\n\n\t\t<\/div>\n\t<\/div>\n\t<\/a>\n\t\n\n\t\t<\/div>\n\t\t\t\t\t<\/div>\n\n\t\n\n\t<div id=\"col-85696222\" class=\"col medium-4 small-12 large-4\"  >\n\t\t\t\t<div class=\"col-inner\"  >\n\t\t\t\n\t\t\t\n\n\n\t<a class=\"plain\" href=\"https:\/\/www.difree-project.it\/project-activities\/\" >\t<div class=\"icon-box featured-box icon-box-center text-center\"  >\n\t\t\t\t\t<div class=\"icon-box-img\" style=\"width: 60px\">\n\t\t\t\t<div class=\"icon\">\n\t\t\t\t\t<div class=\"icon-inner\" >\n\t\t\t\t\t\t<img loading=\"lazy\" decoding=\"async\" width=\"64\" height=\"64\" src=\"https:\/\/www.difree-project.it\/wp-content\/uploads\/2024\/01\/checklist.png\" class=\"attachment-medium size-medium\" alt=\"\" \/>\t\t\t\t\t<\/div>\n\t\t\t\t<\/div>\n\t\t\t<\/div>\n\t\t\t\t<div class=\"icon-box-text last-reset\">\n\t\t\t\t\t\t\t\t\t\n\n<h4>actividades del proyecto<\/h4>\n\n\t\t<\/div>\n\t<\/div>\n\t<\/a>\n\t\n<a href=\"https:\/\/www.difree-project.it\/project-activities\/\" class=\"button secondary is-link\"  >\n\t\t<span>Saber m\u00e1s<\/span>\n\t<\/a>\n\n\n\n\t\t<\/div>\n\t\t\t\t\t<\/div>\n\n\t\n\n\t<div id=\"col-1158355724\" class=\"col medium-4 small-12 large-4\"  >\n\t\t\t\t<div class=\"col-inner\"  >\n\t\t\t\n\t\t\t\n\n\n\t<a class=\"plain\" href=\"https:\/\/www.difree-project.it\/project-results\/\" >\t<div class=\"icon-box featured-box icon-box-center text-center\"  >\n\t\t\t\t\t<div class=\"icon-box-img\" style=\"width: 60px\">\n\t\t\t\t<div class=\"icon\">\n\t\t\t\t\t<div class=\"icon-inner\" >\n\t\t\t\t\t\t<img loading=\"lazy\" decoding=\"async\" width=\"64\" height=\"64\" src=\"https:\/\/www.difree-project.it\/wp-content\/uploads\/2024\/01\/pie-chart.png\" class=\"attachment-medium size-medium\" alt=\"\" \/>\t\t\t\t\t<\/div>\n\t\t\t\t<\/div>\n\t\t\t<\/div>\n\t\t\t\t<div class=\"icon-box-text last-reset\">\n\t\t\t\t\t\t\t\t\t\n\n<p>resultados del proyecto<\/p>\n<a href=\"https:\/\/www.difree-project.it\/project-results\/\" class=\"button secondary is-link\"  >\n\t\t<span>Saber m\u00e1s<\/span>\n\t<\/a>\n\n\n\n\t\t<\/div>\n\t<\/div>\n\t<\/a>\n\t\n\n\t\t<\/div>\n\t\t\t\t\t<\/div>\n\n\t\n\n<\/div>\n\n\t\t<\/div>\n\t\t\t\t\t<\/div>\n\n\t\n\n<\/div>\n\n\t\t<\/div>\n\t\t\t\t\n<style>\n#col-1788597122 > .col-inner {\n  padding: 80px 20px 80px 20px;\n  margin: -80px 0px 0px 0px;\n}\n<\/style>\n\t<\/div>\n\n\t\n\n<\/div>\n\t<div id=\"gap-958823467\" class=\"gap-element clearfix\" style=\"display:block; height:auto;\">\n\t\t\n<style>\n#gap-958823467 {\n  padding-top: 80px;\n}\n<\/style>\n\t<\/div>\n\t\n\n<div class=\"row\"  id=\"row-130090540\">\n\n\n\t<div id=\"col-611015050\" class=\"col small-12 large-12\"  >\n\t\t\t\t<div class=\"col-inner text-center\"  >\n\t\t\t\n\t\t\t\n\n<h6>difree<\/h6>\n<h2>Recursos educativos abiertos<\/h2>\n<p>Haz clic en las casillas para saber m\u00e1s<\/p>\n\t<div id=\"gap-613273178\" class=\"gap-element clearfix\" style=\"display:block; height:auto;\">\n\t\t\n<style>\n#gap-613273178 {\n  padding-top: 30px;\n}\n<\/style>\n\t<\/div>\n\t\n\n<div class=\"row row-small\"  id=\"row-152692080\">\n\n\n\t<div id=\"col-1804713603\" class=\"col medium-4 small-12 large-4\"  >\n\t\t\t\t<div class=\"col-inner\"  >\n\t\t\t\n\t\t\t\n\n\t<div id=\"gap-1792341962\" class=\"gap-element clearfix\" style=\"display:block; height:auto;\">\n\t\t\n<style>\n#gap-1792341962 {\n  padding-top: 20px;\n}\n<\/style>\n\t<\/div>\n\t\n\n\t<div class=\"box has-hover   has-hover box-text-bottom\" >\n\n\t\t<div class=\"box-image\" >\n\t\t\t<a href=\"\/doc-repo\/\" >\t\t\t<div class=\"image-cover\" style=\"padding-top:65%;\">\n\t\t\t\t<img loading=\"lazy\" decoding=\"async\" width=\"640\" height=\"853\" src=\"https:\/\/www.difree-project.it\/wp-content\/uploads\/2023\/11\/surface-WwnGA0kpGC8-unsplash.jpg\" class=\"attachment- size-\" alt=\"\" srcset=\"https:\/\/www.difree-project.it\/wp-content\/uploads\/2023\/11\/surface-WwnGA0kpGC8-unsplash.jpg 640w, https:\/\/www.difree-project.it\/wp-content\/uploads\/2023\/11\/surface-WwnGA0kpGC8-unsplash-225x300.jpg 225w\" sizes=\"auto, (max-width: 640px) 100vw, 640px\" \/>\t\t\t\t\t\t\t\t\t\t\t<\/div>\n\t\t\t<\/a>\t\t<\/div>\n\n\t\t<div class=\"box-text text-left dark\" style=\"background-color:rgb(101, 153, 255);padding:10px 20px 10px 20px;\">\n\t\t\t<div class=\"box-text-inner\">\n\t\t\t\t\n\n<h4><a href=\"https:\/\/www.difree-project.it\/doc-repo\/\">CV\/Resume\/Portfolio Multimodal and Multilingual Models<\/a><\/h4>\n<p>Models<\/p>\n\n\t\t\t<\/div>\n\t\t<\/div>\n\t<\/div>\n\t\n\n\t\t<\/div>\n\t\t\t\t\t<\/div>\n\n\t\n\n\t<div id=\"col-1367302083\" class=\"col medium-4 small-12 large-4\"  >\n\t\t\t\t<div class=\"col-inner\"  >\n\t\t\t\n\t\t\t\n\n\t<div id=\"gap-1043272402\" class=\"gap-element clearfix\" style=\"display:block; height:auto;\">\n\t\t\n<style>\n#gap-1043272402 {\n  padding-top: 20px;\n}\n<\/style>\n\t<\/div>\n\t\n\n\t<div class=\"box has-hover   has-hover box-text-bottom\" >\n\n\t\t<div class=\"box-image\" >\n\t\t\t<a href=\"https:\/\/www.difree-project.it\/resources\/\" >\t\t\t<div class=\"image-cover\" style=\"padding-top:60%;\">\n\t\t\t\t<img loading=\"lazy\" decoding=\"async\" width=\"3500\" height=\"2000\" src=\"https:\/\/www.difree-project.it\/wp-content\/uploads\/2024\/01\/Immagine-x-Home-Page-Corso-Moodle-DiFree.png\" class=\"attachment-original size-original\" alt=\"\" srcset=\"https:\/\/www.difree-project.it\/wp-content\/uploads\/2024\/01\/Immagine-x-Home-Page-Corso-Moodle-DiFree.png 3500w, https:\/\/www.difree-project.it\/wp-content\/uploads\/2024\/01\/Immagine-x-Home-Page-Corso-Moodle-DiFree-300x171.png 300w, https:\/\/www.difree-project.it\/wp-content\/uploads\/2024\/01\/Immagine-x-Home-Page-Corso-Moodle-DiFree-1024x585.png 1024w, https:\/\/www.difree-project.it\/wp-content\/uploads\/2024\/01\/Immagine-x-Home-Page-Corso-Moodle-DiFree-768x439.png 768w, https:\/\/www.difree-project.it\/wp-content\/uploads\/2024\/01\/Immagine-x-Home-Page-Corso-Moodle-DiFree-1536x878.png 1536w, https:\/\/www.difree-project.it\/wp-content\/uploads\/2024\/01\/Immagine-x-Home-Page-Corso-Moodle-DiFree-2048x1170.png 2048w\" sizes=\"auto, (max-width: 3500px) 100vw, 3500px\" \/>\t\t\t\t\t\t\t\t\t\t\t<\/div>\n\t\t\t<\/a>\t\t<\/div>\n\n\t\t<div class=\"box-text text-left dark\" style=\"background-color:rgb(101, 153, 255);padding:10px 20px 10px 20px;\">\n\t\t\t<div class=\"box-text-inner\">\n\t\t\t\t\n\n<h4><a href=\"https:\/\/www.difree-project.it\/resources\/\">Moodle Course<\/a><\/h4>\n<p><a href=\"https:\/\/www.difree-project.it\/resources\/\">From Job Hunting to Cold Pitching. A Crash Professional English Course with a Focus on Personal Branding<\/a><\/p>\n\n\t\t\t<\/div>\n\t\t<\/div>\n\t<\/div>\n\t\n\n\t\t<\/div>\n\t\t\t\t\t<\/div>\n\n\t\n\n\t<div id=\"col-1286436435\" class=\"col medium-4 small-12 large-4\"  >\n\t\t\t\t<div class=\"col-inner\"  >\n\t\t\t\n\t\t\t\n\n\t<div id=\"gap-2064668941\" class=\"gap-element clearfix\" style=\"display:block; height:auto;\">\n\t\t\n<style>\n#gap-2064668941 {\n  padding-top: 20px;\n}\n<\/style>\n\t<\/div>\n\t\n\n\t<div class=\"box has-hover   has-hover box-text-bottom\" >\n\n\t\t<div class=\"box-image\" >\n\t\t\t<a href=\"https:\/\/www.difree-project.it\/es\/pr4-self-evaluation-self-vocational-assessment-tool\/\" >\t\t\t<div class=\"image-cover\" style=\"padding-top:72%;\">\n\t\t\t\t<img loading=\"lazy\" decoding=\"async\" width=\"523\" height=\"419\" src=\"https:\/\/www.difree-project.it\/wp-content\/uploads\/2024\/01\/Sel-Vocational-Tool-1.png\" class=\"attachment- size-\" alt=\"\" srcset=\"https:\/\/www.difree-project.it\/wp-content\/uploads\/2024\/01\/Sel-Vocational-Tool-1.png 523w, https:\/\/www.difree-project.it\/wp-content\/uploads\/2024\/01\/Sel-Vocational-Tool-1-300x240.png 300w\" sizes=\"auto, (max-width: 523px) 100vw, 523px\" \/>\t\t\t\t\t\t\t\t\t\t\t<\/div>\n\t\t\t<\/a>\t\t<\/div>\n\n\t\t<div class=\"box-text text-left dark\" style=\"background-color:rgb(101, 153, 255);padding:10px 20px 10px 20px;\">\n\t\t\t<div class=\"box-text-inner\">\n\t\t\t\t\n\n<h4><a href=\"https:\/\/www.difree-project.it\/es\/pr4-self-evaluation-self-vocational-assessment-tool\/\">Self-evaluation &amp; Self-vocational Assessment Tool<\/a><\/h4>\n\n\t\t\t<\/div>\n\t\t<\/div>\n\t<\/div>\n\t\n\n\t\t<\/div>\n\t\t\t\t\t<\/div>\n\n\t\n\n<\/div>\n\t<div id=\"gap-1722561668\" class=\"gap-element clearfix\" style=\"display:block; height:auto;\">\n\t\t\n<style>\n#gap-1722561668 {\n  padding-top: 30px;\n}\n<\/style>\n\t<\/div>\n\t\n\n\n\t\t<\/div>\n\t\t\t\t\t<\/div>\n\n\t\n\n<\/div>\n\t<div id=\"gap-2086886704\" class=\"gap-element clearfix\" style=\"display:block; height:auto;\">\n\t\t\n<style>\n#gap-2086886704 {\n  padding-top: 80px;\n}\n<\/style>\n\t<\/div>\n\t\n\n\n\t\t<\/div>\n\n\t\t\n<style>\n#section_1191616134 {\n  padding-top: 30px;\n  padding-bottom: 30px;\n  background-color: rgb(237, 241, 247);\n}\n<\/style>\n\t<\/section>\n\t\n\n\t<section class=\"section dark has-parallax\" id=\"section_2028985752\">\n\t\t<div class=\"section-bg fill\" data-parallax-container=\".section\" data-parallax-background data-parallax=\"-7\">\n\t\t\t<img loading=\"lazy\" decoding=\"async\" width=\"600\" height=\"600\" src=\"https:\/\/www.difree-project.it\/wp-content\/uploads\/2023\/11\/aims.jpg\" class=\"bg attachment- size-\" alt=\"\" \/>\t\t\t\t\t\t<div class=\"section-bg-overlay absolute fill\"><\/div>\n\t\t\t\n\n\t\t<\/div>\n\n\t\t\n\n\t\t<div class=\"section-content relative\">\n\t\t\t\n\n<div class=\"row\"  id=\"row-1673859954\">\n\n\n\t<div id=\"col-743622755\" class=\"col small-12 large-12\"  >\n\t\t\t\t<div class=\"col-inner text-center\"  >\n\t\t\t\n\t\t\t\n\n<h2>We strive for excellence<\/h2>\n<p>but we are not alone<\/p>\n<a href=\"https:\/\/www.difree-project.it\/similar-projects\/\" class=\"button primary\"  >\n\t\t<span>similar project<\/span>\n\t<\/a>\n\n\n\n\t\t<\/div>\n\t\t\t\t\n<style>\n#col-743622755 > .col-inner {\n  padding: 30px 0px 0px 0px;\n}\n<\/style>\n\t<\/div>\n\n\t\n\n<\/div>\n\n\t\t<\/div>\n\n\t\t\n<style>\n#section_2028985752 {\n  padding-top: 30px;\n  padding-bottom: 30px;\n  min-height: 400px;\n}\n#section_2028985752 .section-bg-overlay {\n  background-color: rgba(0, 0, 0, 0.39);\n}\n#section_2028985752 .section-bg img {\n  object-position: 6% 82%;\n}\n@media (min-width:850px) {\n  #section_2028985752 {\n    min-height: 500px;\n  }\n}\n<\/style>\n\t<\/section>\n\t\n<div class=\"row\"  id=\"row-1060786489\">\n\n\n\t<div id=\"col-937773691\" class=\"col small-12 large-12\"  >\n\t\t\t\t<div class=\"col-inner text-left\" style=\"background-color:rgb(237, 241, 247);\" >\n\t\t\t\n\t\t\t\n\n<div class=\"row\"  id=\"row-1456384600\">\n\n\n\t<div id=\"col-178765572\" class=\"col small-12 large-12\"  >\n\t\t\t\t<div class=\"col-inner text-center\"  >\n\t\t\t\n\t\t\t\n\n<h1>Nuestros \u00faltimos eventos<\/h1>\n\t<div id=\"gap-1501069069\" class=\"gap-element clearfix\" style=\"display:block; height:auto;\">\n\t\t\n<style>\n#gap-1501069069 {\n  padding-top: 30px;\n}\n<\/style>\n\t<\/div>\n\t\n\n<div id=\"portfolio-1847730213\" class=\"portfolio-element-wrapper has-filtering\">\n  \n    <div class=\"row large-columns-1 medium-columns- small-columns- row-small\" >\n    <div class=\"col\" data-terms=\"[&quot;LTTA&quot;]\" >\n          <div class=\"col-inner\" style=\"border-radius:4%;\">\n          <a href=\"https:\/\/www.difree-project.it\/es\/featured_item\/difree-3rd-learning-teaching-and-training-activity-4-june-2024-panteion-university-campus\/\" class=\"plain \">\n          <div class=\"portfolio-box box has-hover box-vertical\">\n            <div class=\"box-image\" style=\"border-radius:4%;width:48%;\">\n                <div class=\"image-cover\" style=\"padding-top:100%;\">\n                <img loading=\"lazy\" decoding=\"async\" width=\"768\" height=\"1094\" src=\"https:\/\/www.difree-project.it\/wp-content\/uploads\/2024\/06\/LTTA_Athens_Difree-site-768x1094.webp\" class=\"attachment-medium_large size-medium_large\" alt=\"\" srcset=\"https:\/\/www.difree-project.it\/wp-content\/uploads\/2024\/06\/LTTA_Athens_Difree-site-768x1094.webp 768w, https:\/\/www.difree-project.it\/wp-content\/uploads\/2024\/06\/LTTA_Athens_Difree-site-211x300.webp 211w, https:\/\/www.difree-project.it\/wp-content\/uploads\/2024\/06\/LTTA_Athens_Difree-site-719x1024.webp 719w, https:\/\/www.difree-project.it\/wp-content\/uploads\/2024\/06\/LTTA_Athens_Difree-site-1078x1536.webp 1078w, https:\/\/www.difree-project.it\/wp-content\/uploads\/2024\/06\/LTTA_Athens_Difree-site-1437x2048.webp 1437w, https:\/\/www.difree-project.it\/wp-content\/uploads\/2024\/06\/LTTA_Athens_Difree-site-scaled.webp 1797w\" sizes=\"auto, (max-width: 768px) 100vw, 768px\" \/>                                                <\/div>\n            <\/div>\n            <div class=\"box-text text-left is-large\" >\n                  <div class=\"box-text-inner\">\n                      <h6 class=\"uppercase portfolio-box-title\">DIFREE 3RD LEARNING, TEACHING AND TRAINING ACTIVITY, 4 June 2024. Panteion University Campus<\/h6>\n                      <p class=\"uppercase portfolio-box-category is-xsmall op-6\">\n                        <span class=\"show-on-hover\">\n                         LTTA                        <\/span>\n                      <\/p>\n                  <\/div>\n            <\/div>\n           <\/div>\n           <\/a>\n           <\/div>\n           <\/div><\/div><\/div>\n<style>\n#portfolio-1847730213 .box-image {\n  width: 48%;\n}\n<\/style>\n\n\n\n\t\t<\/div>\n\t\t\t\t\t<\/div>\n\n\t\n\n<\/div>\n\n\t\t<\/div>\n\t\t\t\t\n<style>\n#col-937773691 > .col-inner {\n  margin: -60px 0px 0px 0px;\n  border-radius: 10px;\n}\n<\/style>\n\t<\/div>\n\n\t\n\n\n<style>\n#row-1060786489 > .col > .col-inner {\n  padding: 60px 60px 60px 60px;\n}\n<\/style>\n<\/div>\n\n\t<section class=\"section dark\" id=\"section_135223548\">\n\t\t<div class=\"section-bg fill\" >\n\t\t\t\t\t\t\t\t\t\n\t\t\t\n\n\t\t<\/div>\n\n\t\t\n\n\t\t<div class=\"section-content relative\">\n\t\t\t\n\n\t<div id=\"gap-1541107170\" class=\"gap-element clearfix\" style=\"display:block; height:auto;\">\n\t\t\n<style>\n#gap-1541107170 {\n  padding-top: 40px;\n}\n<\/style>\n\t<\/div>\n\t\n\n<div class=\"row\"  id=\"row-1067400235\">\n\n\n\t<div id=\"col-101689045\" class=\"col medium-12 small-12 large-6\"  >\n\t\t\t\t<div class=\"col-inner\"  >\n\t\t\t\n\t\t\t\n\n<h3>Suscr\u00edbete a nuestro bolet\u00edn<\/h3>\n\n\t\t<\/div>\n\t\t\t\t\t<\/div>\n\n\t\n\n\t<div id=\"col-930235461\" class=\"col medium-12 small-12 large-6\"  >\n\t\t\t\t<div class=\"col-inner\"  >\n\t\t\t\n\t\t\t\n\n\n<div class=\"wpcf7 no-js\" id=\"wpcf7-f206-o1\" lang=\"it-IT\" dir=\"ltr\" data-wpcf7-id=\"206\">\n<div class=\"screen-reader-response\"><p role=\"status\" aria-live=\"polite\" aria-atomic=\"true\"><\/p> <ul><\/ul><\/div>\n<form action=\"\/es\/wp-json\/wp\/v2\/pages\/4202#wpcf7-f206-o1\" method=\"post\" class=\"wpcf7-form init\" aria-label=\"Modulo di contatto\" novalidate=\"novalidate\" data-status=\"init\">\n<div style=\"display: none;\">\n<input type=\"hidden\" name=\"_wpcf7\" value=\"206\" \/>\n<input type=\"hidden\" name=\"_wpcf7_version\" value=\"6.0.3\" \/>\n<input type=\"hidden\" name=\"_wpcf7_locale\" value=\"it_IT\" \/>\n<input type=\"hidden\" name=\"_wpcf7_unit_tag\" value=\"wpcf7-f206-o1\" \/>\n<input type=\"hidden\" name=\"_wpcf7_container_post\" value=\"0\" \/>\n<input type=\"hidden\" name=\"_wpcf7_posted_data_hash\" value=\"\" \/>\n<\/div>\n<div class=\"flex-row form-flat medium-flex-wrap\">\n\t<div class=\"flex-col flex-grow\">\n\t\t<p><span class=\"wpcf7-form-control-wrap\" data-name=\"your-email\"><input size=\"40\" maxlength=\"400\" class=\"wpcf7-form-control wpcf7-email wpcf7-validates-as-required wpcf7-text wpcf7-validates-as-email\" aria-required=\"true\" aria-invalid=\"false\" placeholder=\"Your Email (required)\" value=\"\" type=\"email\" name=\"your-email\" \/><\/span>\n\t\t<\/p>\n\t<\/div>\n\t<div class=\"flex-col ml-half\">\n\t\t<p><input class=\"wpcf7-form-control wpcf7-submit has-spinner button\" type=\"submit\" value=\"Sign Up\" \/>\n\t\t<\/p>\n\t<\/div>\n<\/div><div class=\"wpcf7-response-output\" aria-hidden=\"true\"><\/div>\n<\/form>\n<\/div>\n\n\n\n\t\t<\/div>\n\t\t\t\t\t<\/div>\n\n\t\n\n<\/div>\n\n\t\t<\/div>\n\n\t\t\n<style>\n#section_135223548 {\n  padding-top: 0px;\n  padding-bottom: 0px;\n  background-color: #6498ff;\n}\n<\/style>\n\t<\/section>\n\t\n\n","protected":false},"excerpt":{"rendered":"","protected":false},"author":1,"featured_media":0,"parent":0,"menu_order":0,"comment_status":"closed","ping_status":"closed","template":"page-transparent-header-light.php","meta":{"footnotes":""},"class_list":["post-4202","page","type-page","status-publish","hentry"],"rttpg_featured_image_url":null,"rttpg_author":{"display_name":"viterbomarketing","author_link":"https:\/\/www.difree-project.it\/es\/author\/viterbomarketing\/"},"rttpg_comment":0,"rttpg_category":" <a href=\"https:\/\/www.difree-project.it\/es\/?taxonomy=translation_priority&#038;term=opcional\" rel=\"tag\">Opcional<\/a>","rttpg_excerpt":null,"_links":{"self":[{"href":"https:\/\/www.difree-project.it\/es\/wp-json\/wp\/v2\/pages\/4202","targetHints":{"allow":["GET"]}}],"collection":[{"href":"https:\/\/www.difree-project.it\/es\/wp-json\/wp\/v2\/pages"}],"about":[{"href":"https:\/\/www.difree-project.it\/es\/wp-json\/wp\/v2\/types\/page"}],"author":[{"embeddable":true,"href":"https:\/\/www.difree-project.it\/es\/wp-json\/wp\/v2\/users\/1"}],"replies":[{"embeddable":true,"href":"https:\/\/www.difree-project.it\/es\/wp-json\/wp\/v2\/comments?post=4202"}],"version-history":[{"count":4,"href":"https:\/\/www.difree-project.it\/es\/wp-json\/wp\/v2\/pages\/4202\/revisions"}],"predecessor-version":[{"id":4295,"href":"https:\/\/www.difree-project.it\/es\/wp-json\/wp\/v2\/pages\/4202\/revisions\/4295"}],"wp:attachment":[{"href":"https:\/\/www.difree-project.it\/es\/wp-json\/wp\/v2\/media?parent=4202"}],"curies":[{"name":"wp","href":"https:\/\/api.w.org\/{rel}","templated":true}]}}