{"id":3836,"date":"2023-11-08T10:41:49","date_gmt":"2023-11-08T09:41:49","guid":{"rendered":"https:\/\/www.difree-project.it\/project-rationale\/"},"modified":"2024-02-19T10:51:26","modified_gmt":"2024-02-19T09:51:26","slug":"ragioni-del-progetto","status":"publish","type":"page","link":"https:\/\/www.difree-project.it\/it\/ragioni-del-progetto\/","title":{"rendered":"Le ragioni del progetto"},"content":{"rendered":"\n\t<div id=\"gap-1828023958\" class=\"gap-element clearfix\" style=\"display:block; height:auto;\">\n\t\t\n<style>\n#gap-1828023958 {\n  padding-top: 30px;\n}\n<\/style>\n\t<\/div>\n\t\n\n<div class=\"container section-title-container\" ><h3 class=\"section-title section-title-normal\"><b><\/b><span class=\"section-title-main\" >Le ragioni del progetto<\/span><b><\/b><\/h3><\/div>\n\n<div class=\"row\"  id=\"row-1650676552\">\n\n\n\t<div id=\"col-1018791837\" class=\"col medium-4 small-12 large-4\"  >\n\t\t\t\t<div class=\"col-inner\"  >\n\t\t\t\n\t\t\t\n\n\t<div class=\"img has-hover x md-x lg-x y md-y lg-y\" id=\"image_1477822994\">\n\t\t\t\t\t\t\t\t<div class=\"img-inner image-cover dark\" style=\"padding-top:120%;\">\n\t\t\t<img loading=\"lazy\" decoding=\"async\" width=\"600\" height=\"600\" src=\"https:\/\/www.difree-project.it\/wp-content\/uploads\/2023\/11\/Project-Rationale.jpg\" class=\"attachment-original size-original\" alt=\"\" srcset=\"https:\/\/www.difree-project.it\/wp-content\/uploads\/2023\/11\/Project-Rationale.jpg 600w, https:\/\/www.difree-project.it\/wp-content\/uploads\/2023\/11\/Project-Rationale-300x300.jpg 300w, https:\/\/www.difree-project.it\/wp-content\/uploads\/2023\/11\/Project-Rationale-150x150.jpg 150w\" sizes=\"auto, (max-width: 600px) 100vw, 600px\" \/>\t\t\t\t\t\t\n\t\t\t\t\t<\/div>\n\t\t\t\t\t\t\t\t\n<style>\n#image_1477822994 {\n  width: 100%;\n}\n<\/style>\n\t<\/div>\n\t\n\n\n\t\t<\/div>\n\t\t\t\t\t<\/div>\n\n\t\n\n\t<div id=\"col-1869303593\" class=\"col medium-8 small-12 large-8\"  >\n\t\t\t\t<div class=\"col-inner\"  >\n\t\t\t\n\t\t\t\n\n<p>A giugno 2020 \u00e8 stato condotto un sondaggio su oltre 2.324 intervistati in tre Paesi (Francia, Germania e Spagna) per comprendere meglio le dinamiche del lavoro freelance in Europa da parte di due aziende: <a href=\"https:\/\/www.bcg.com\/italy\" target=\"_blank\" rel=\"noopener\">BCG<\/a>, il Boston Consulting Group, una societ\u00e0 americana di consulenza manageriale globale fondata nel 1963, e <a href=\"https:\/\/en.malt.fr\/about\/who-is-malt\" target=\"_blank\" rel=\"noopener\">Malt<\/a>, il principale marketplace francese per freelance creato nel 2013 da Vincent Huguet, fondatore di una startup di successo nel settore dell&#8217;e-commerce, e Hugo Lassi\u00e8ge, sviluppatore freelance, il quale oggi ospita oltre 360.000 freelance e pi\u00f9 di 50.000 aziende registrate in Europa.<\/p>\n<p>Il sondaggio mirava a scoprire chi sono i freelance, perch\u00e9 scelgono il lavoro autonomo e che cosa si pu\u00f2 imparare dalla loro esperienza lavorativa dopo il COVID-19. La ricerca ha prodotto Freelancing in Europe 2021. un ritratto del freelance digitale (disponibile su <a href=\"http:\/\/malt-bcg-freelancing-in-europe-2021.pdf\" target=\"_blank\" rel=\"noopener\">questo sito<\/a> alla voce Risorse bibliografiche) che rivela che in Europa pi\u00f9 di 22 milioni di lavoratori sono autonomi. Si tratta principalmente di uomini (65%) con un alto livello di istruzione (oltre il 75% ha conseguito un diploma di istruzione superiore di tre anni), occupati per lo pi\u00f9 nei settori della tecnologia, della comunicazione\/marketing e della creazione di siti web\/foto\/suoni (80%), i quali hanno adottato per lo pi\u00f9 modalit\u00e0 di lavoro agili e lavorano da remoto (63%).<\/p>\n\n\t\t<\/div>\n\t\t\t\t\t<\/div>\n\n\t\n\n<\/div>\n<p>Il rapporto evidenzia anche come il lavoro freelance non sia una scelta fatta per mancanza di migliori opportunit\u00e0, ma una scelta dettata da una volont\u00e0 consapevole: i freelance apprezzano l&#8217;autonomia (nella gestione del tempo, dei compiti e del posto di lavoro).<\/p>\n<p>Quando i membri del Consorzio hanno intervistato studenti e neolaureati sul loro interesse nell\u2019intraprendere una carriera da freelance, hanno scoperto che non era mai stata loro illustrata una tale possibilit\u00e0 durante i programmi di orientamento al lavoro e di formazione universitaria.<\/p>\n<p>Anche le indagini condotte sui manuali esistenti relativi alla ricerca del lavoro rivelano una mancanza di informazioni sull&#8217;argomento.<\/p>\n<p>Il Consorzio DiFree vuole colmare questo vuoto educativo e formativo, offrendo a studenti e studentesse, neolaureati e neolaureate informazioni pratiche, orientamento e opportunit\u00e0 di sviluppo delle competenze che possano aiutare a scegliere un lavoro da freelance, una professione che soprattutto negli ultimi tempi, durante e dopo i lockdown imposti dal Covid, \u00e8 diventata sempre pi\u00f9 dipendente dalle competenze informatiche e dalla capacit\u00e0 di lavorare online o in contesti ibridi. \u00c8 una professione che richiede una vasta gamma di abilit\u00e0 e competenze oltre a quelle digitali, come quelle imprenditoriali, manageriali, finanziarie e comunicative.<\/p>\n\n\n","protected":false},"excerpt":{"rendered":"","protected":false},"author":1,"featured_media":0,"parent":0,"menu_order":0,"comment_status":"closed","ping_status":"closed","template":"","meta":{"footnotes":""},"class_list":["post-3836","page","type-page","status-publish","hentry"],"rttpg_featured_image_url":null,"rttpg_author":{"display_name":"viterbomarketing","author_link":"https:\/\/www.difree-project.it\/it\/author\/viterbomarketing\/"},"rttpg_comment":0,"rttpg_category":false,"rttpg_excerpt":null,"_links":{"self":[{"href":"https:\/\/www.difree-project.it\/it\/wp-json\/wp\/v2\/pages\/3836","targetHints":{"allow":["GET"]}}],"collection":[{"href":"https:\/\/www.difree-project.it\/it\/wp-json\/wp\/v2\/pages"}],"about":[{"href":"https:\/\/www.difree-project.it\/it\/wp-json\/wp\/v2\/types\/page"}],"author":[{"embeddable":true,"href":"https:\/\/www.difree-project.it\/it\/wp-json\/wp\/v2\/users\/1"}],"replies":[{"embeddable":true,"href":"https:\/\/www.difree-project.it\/it\/wp-json\/wp\/v2\/comments?post=3836"}],"version-history":[{"count":3,"href":"https:\/\/www.difree-project.it\/it\/wp-json\/wp\/v2\/pages\/3836\/revisions"}],"predecessor-version":[{"id":3839,"href":"https:\/\/www.difree-project.it\/it\/wp-json\/wp\/v2\/pages\/3836\/revisions\/3839"}],"wp:attachment":[{"href":"https:\/\/www.difree-project.it\/it\/wp-json\/wp\/v2\/media?parent=3836"}],"curies":[{"name":"wp","href":"https:\/\/api.w.org\/{rel}","templated":true}]}}