{"id":3929,"date":"2023-11-08T11:03:04","date_gmt":"2023-11-08T10:03:04","guid":{"rendered":"https:\/\/www.difree-project.it\/references\/"},"modified":"2024-02-19T14:17:36","modified_gmt":"2024-02-19T13:17:36","slug":"risorse-bibliografiche","status":"publish","type":"page","link":"https:\/\/www.difree-project.it\/it\/risorse-bibliografiche\/","title":{"rendered":"Risorse bibliografiche"},"content":{"rendered":"\n\t<div id=\"gap-808645152\" class=\"gap-element clearfix\" style=\"display:block; height:auto;\">\n\t\t\n<style>\n#gap-808645152 {\n  padding-top: 30px;\n}\n<\/style>\n\t<\/div>\n\t\n\n<div class=\"container section-title-container\" ><h3 class=\"section-title section-title-normal\"><b><\/b><span class=\"section-title-main\" >Risorse bibliografiche<\/span><b><\/b><\/h3><\/div>\n\n<div class=\"row\"  id=\"row-634955863\">\n\n\n\t<div id=\"col-979104005\" class=\"col medium-4 small-12 large-4\"  >\n\t\t\t\t<div class=\"col-inner\"  >\n\t\t\t\n\t\t\t\n\n\t<div class=\"img has-hover x md-x lg-x y md-y lg-y\" id=\"image_1442615161\">\n\t\t\t\t\t\t\t\t<div class=\"img-inner image-cover dark\" style=\"padding-top:120%;\">\n\t\t\t<img loading=\"lazy\" decoding=\"async\" width=\"600\" height=\"600\" src=\"https:\/\/www.difree-project.it\/wp-content\/uploads\/2023\/11\/neve-web-design-bg-15.jpg\" class=\"attachment-original size-original\" alt=\"\" srcset=\"https:\/\/www.difree-project.it\/wp-content\/uploads\/2023\/11\/neve-web-design-bg-15.jpg 600w, https:\/\/www.difree-project.it\/wp-content\/uploads\/2023\/11\/neve-web-design-bg-15-300x300.jpg 300w, https:\/\/www.difree-project.it\/wp-content\/uploads\/2023\/11\/neve-web-design-bg-15-150x150.jpg 150w\" sizes=\"auto, (max-width: 600px) 100vw, 600px\" \/>\t\t\t\t\t\t\n\t\t\t\t\t<\/div>\n\t\t\t\t\t\t\t\t\n<style>\n#image_1442615161 {\n  width: 100%;\n}\n<\/style>\n\t<\/div>\n\t\n\n\n\t\t<\/div>\n\t\t\t\t\t<\/div>\n\n\t\n\n\t<div id=\"col-1336856069\" class=\"col medium-8 small-12 large-8\"  >\n\t\t\t\t<div class=\"col-inner\"  >\n\t\t\t\n\t\t\t\n\n<p>Autor, D. H., Dorn, D. (2013). \u201cThe growth of low-skill service jobs and the polarization of the US labor market\u2019, <em>American Economic Review<\/em>, 103 (5), 1553\u20131597.<\/p>\n<p>Bacigalupo, M., Kampylis, P., Punie, Y., Van den Brande, G. (2016). <em>EntreComp: The Entrepreneurship Competence Framework<\/em>. EUR 27939 EN. Publication Office of the European Union: Luxembourg.<\/p>\n<p>Baker, D. (2015). <em>The Opportunities and Risks of the Sharing Economy. Center for Economic and Policy Research<\/em>. (CEPR): Washington, DC.<\/p>\n<p>Berg, J. (2016), \u201cIncome security in the collaborative economy: Findings and policy lessons from a survey of Crowdworkers\u201d, <em>Comparative Labor Law and Policy Journal<\/em>, Vol. 37, No. 3.<\/p>\n<p>Buhr, D. (2015), \u201cSocial innovation policy for Industry 4.0\u201d, Good Society \u2013 Social Democracy 2017 Plus Project, Friedrich-Ebert-Stiftung (FES), Bonn. Disponibile al sito: <a href=\"https:\/\/library.fes.de\/pdf-files\/wiso\/11479.pdf\" target=\"_blank\" rel=\"noreferrer noopener\">Social innovation policy for industry 4.0 (fes.de)<\/a><\/p>\n<p>Carby-Hall, J., Mella M\u00e9ndez, L. (2020). <em>Labour Law and the Gig Economy: Challenges Posed by the Digitalisation of Labour Processes<\/em>. Routledge: London &amp; New York.<\/p>\n<p>CEPS (2017). <em>Impact of Digitalisation and the On-demand Economy on Labour Markets and the Consequences for Employment and Industrial Relations<\/em>. Disponibile al sito: <a href=\"https:\/\/www.eesc.europa.eu\/sites\/default\/files\/resources\/docs\/qe-02-17-763-en-n.pdf\" target=\"_blank\" rel=\"noreferrer noopener\">Microsoft Word \u2013 20170612_EESCDigitalisation_FinalStudy_Clean (europa.eu)<\/a><\/p>\n<p>Codagnone, C., F. Abadie and F. Biagi (2016a), \u201cThe Future of work in the \u2018Sharing Economy\u2019. Market efficiency and equitable opportunities or unfair recarisation?\u201d, Institute for Prospective Technological Studies, JRC Science for Policy Report EUR 27913 EN (<a href=\"http:\/\/publications.jrc.ec.europa.eu\/repository\/bitstream\/JRC101280\/jrc101280.pdf\" target=\"_blank\" rel=\"noreferrer noopener\">http:\/\/publications.jrc.ec.europa.eu\/repository\/bitstream\/JRC101280\/jrc101280.pdf<\/a>).<\/p>\n<p>Dagnino, E. (2015), \u201cA (new) labour law for the on-demand economy? Five Ws and one (huge) H\u201d, presentation given at the CEPS Winter School \u201cFrom Uber to Amazon Mechanical Turk: Non-traditional labour markets driven by technological and organisational change\u201d, INGRID FP7, CEPS, Brussels, 23-25 Novembre (<a href=\"http:\/\/www.ceps.eu\/content\/2015-winter-school\" target=\"_blank\" rel=\"noreferrer noopener\">www.ceps.eu\/content\/2015-winter-school<\/a>).<\/p>\n<p>Degryse, C. (2016), \u201cDigitalisation of the economy and its impact on labour markets\u201d, <em>ETUI Research Paper<\/em>, Working Paper 2016.02.<\/p>\n<p>De Stefano V., Aloisi A. (2018). <em>European Legal framework for digital labour platforms<\/em>.<\/p>\n<p>Publications Office of the European Union: Luxembourg.<\/p>\n<p>Duggan, J., McDonnell, A., Sherman, U., Carbery R. (2022). <em>Work in the Gig Economy: A Research Overview<\/em>. Routledge: London &amp; New York.<\/p>\n<p>ENISA (2016). \u201cTowards a digital dingle market for NIS products and services\u201d. European Union Agency for Network and Information Security: Athens. Disponibile al sito: <a href=\"https:\/\/www.enisa.europa.eu\/publications\/towards-a-digital-single-market-for-nis-products-and-services\" target=\"_blank\" rel=\"noreferrer noopener\">Towards a Digital Single Market for NIS Products and Services \u2014 ENISA (europa.eu)<\/a><\/p>\n<p><em>ESCO (European Skills, Competences, Qualifications and Occupations)<\/em>, disponibile al sito: <a href=\"https:\/\/digital-skills-jobs.europa.eu\/en\/actions\/european-initiatives\/esco-european-skills-competences-qualifications-and-occupations\" target=\"_blank\" rel=\"noreferrer noopener\">ESCO (European Skills, Competences, Qualifications and Occupations) | Digital Skills and Jobs Platform (europa.eu)<\/a><\/p>\n<p><em>European Freelancers and Where to Find Them<\/em> \u2014 <em>Robert Vlach\u2019s Talk at WebExpo 2021<\/em>. Disponibile su Youtube: <a href=\"https:\/\/youtu.be\/jFianOaxkeg\" target=\"_blank\" rel=\"noreferrer noopener\">https:\/\/youtu.be\/jFianOaxkeg<\/a><\/p>\n<p><em>Freelancing in Europe 2021<\/em>, disponibile al sito: <a href=\"https:\/\/web-assets.bcg.com\/77\/62\/07a1c84f4be6b671ca10ec16f6f1\/malt-bcg-freelancing-in-europe-2021.pdf\" target=\"_blank\" rel=\"noreferrer noopener\">https:\/\/web-assets.bcg.com\/77\/62\/07a1c84f4be6b671ca10ec16f6f1\/malt-bcg-freelancing-in-europe-2021.pdf<\/a> <\/p>\n<p>Frenken, K., T. Meelen, M. Arets and P. van de Glind (2016), \u201cSmarter regulation for the sharing economy\u201d, <em>The Guardian<\/em>, 20 Maggio.<\/p>\n<p>Frey, C.B. and M.A. Osborne (2013), \u201cThe future of employment: How susceptible are jobs to computerisation?\u201d, <em>Technological Forecasting and Social Change<\/em>, Vol. 114, pp. 254-280.<\/p>\n<p>Harris, S.D. and A.B. Krueger (2015), \u201cA proposal for modernizing labor laws for twenty-first century work: The \u2018independent worker\u2019\u201d, Discussion Paper 2015 \u2013 10, <em>The Hamilton Project<\/em>, Brookings Institution, Washington, D.C.<\/p>\n<p>Hathaway I., and M. Muro (2016). <em>Tracking the gig economy: New numbers<\/em>. Brookings Institution: Washington, D.C. Disponibile al sito: <a href=\"https:\/\/www.brookings.edu\/research\/tracking-the-gig-economy-new-numbers\/\" target=\"_blank\" rel=\"noreferrer noopener\">Tracking the gig economy: New numbers (brookings.edu)<\/a><\/p>\n<p>Maselli, I. and B. Fabo (2015), \u201cDigital workers by design? An example from the collaborative economy\u201d, <em>CEPS Working Document 414<\/em>, CEPS, Brussels.<\/p>\n<p>Maselli, I., K. Lenaerts and M. Beblav\u00fd (2016), \u201cFive things we need to know about the on-demand economy\u201d, CEPS Essay No. 21, Brussels, 8 Gennaio. Disponibile al sito: <a href=\"https:\/\/www.ceps.eu\/wp-content\/uploads\/2016\/01\/CEPS%20Essay%20No%2021%20On%20Demand%20Economy.pdf\" target=\"_blank\" rel=\"noreferrer noopener\">CEPS Essay No 21 On Demand Economy.pdf<\/a><\/p>\n<p>Morgan, G., Nelligan, P. (2021). <em>The Creativity Hoax: Precarious Work and the Gig Economy: Precarious Work in the Gig Economy<\/em>. Anthem Press: London &amp; New York.<\/p>\n<p>Mottola M., Coatney M. (2020). <em>The Human Cloud: How Today\u2019s Changemakers Use Artificial Intelligence and the Freelance Economy to Transform Work<\/em>. Harper Collins: New York.<\/p>\n<p>OECD (2016). \u201cAutomation and independent work in a digital economy\u201d, <em>Policy Brief on the Future of Work<\/em>, OECD Publishing: Paris.<\/p>\n<p>OECD (2019). <em>The Sharing and Gig Economy: Effective Taxation of Platform Sellers: Forum on Tax Administration<\/em>, OECD Publishing: Paris. Disponibile al sito: <a href=\"https:\/\/doi.org\/10.1787\/574b61f8-en\" target=\"_blank\" rel=\"noreferrer noopener\">https:\/\/doi.org\/10.1787\/574b61f8-en<\/a><\/p>\n<p>OECD (2021). <em>The Impact of the Growth of the Sharing and Gig Economy on VAT\/GST Policy and Administration<\/em>, OECD Publishing: Paris. Disponibile al sito: <a href=\"https:\/\/doi.org\/10.1787\/51825505-en\" target=\"_blank\" rel=\"noreferrer noopener\">https:\/\/doi.org\/10.1787\/51825505-en<\/a><\/p>\n<p>Pesole, A., Urz\u00ed Brancati, M.C, Fern\u00e1ndez-Mac\u00edas, E., Biagi, F., Gonz\u00e1lez V\u00e1zquez, I. (2018). <em>Platform Workers in Europe<\/em>, EUR 29275 EN, Publications Office of the European Union: Luxembourg.<\/p>\n<p>Popma, J. (2013), \u201cThe Janus face of the \u2018New Ways of Work\u2019. Rise, risks and regulation of nomadic work\u201d, <em>ETUI, Working Paper<\/em> 2013.07, Brussels.<\/p>\n<p>Renda, A., F. Simonelli, J.M. Leceta and T. K\u00f6nn\u00f6l\u00e4 (2017), \u201cUnleashing innovation and entrepreneurship in Europe: People, places and policies\u201d, <em>CEPS Task Force Report<\/em>, Brussels, 25 Aprile.<\/p>\n<p>Rosa, P., Guimar\u00e3es Pereira \u00c2, Ferretti F. (2018<em>). <\/em><em>Futures of Work: Perspectives from the Maker Movement<\/em>, EUR 29296 EN, Publications Office of the European Union: Luxembourg.<\/p>\n<p>Sinicki, A. (2019). <em>Thriving in the Gig Economy: Freelancing Online for Tech Professionals and Entrepreneurs<\/em>. New York: Springer.<\/p>\n<p>Spiezia, V. and D. Gierten (2016), \u201cNew markets and new jobs\u201d, <em>OECD Digital Economy Papers<\/em>, OECD Publishing, Paris.<\/p>\n<p>Teodoro, R., P. Ozturk, M. Naaman, W. Mason and J. Lindqvist (2014), \u201cThe motivations and experiences of the on-demand mobile workforce\u201d, Rutgers School of Communication &amp; Information.<\/p>\n<p><em>The Beginner\u2019s Guide to Freelancing in 2022<\/em>, disponibile al sito: <a href=\"https:\/\/smartblogger.com\/freelancing\/\" target=\"_blank\" rel=\"noreferrer noopener\">https:\/\/smartblogger.com\/freelancing\/<\/a>  <\/p>\n<p><em>The Digital Competence Framework<\/em>, disponibile al sito: <a href=\"https:\/\/digital-skills-jobs.europa.eu\/en\/actions\/european-initiatives\/digital-competence-framework-digcomp\" target=\"_blank\" rel=\"noreferrer noopener\">DigComp: the EU Digital Competence Framework | Digital Skills &amp; Jobs Platform (europa.eu)<\/a><\/p>\n<p>Todoli-Signes, A. (2015), \u201cThe end of the subordinate worker: Sharing economy, on-demand economy, Crowdsourcing, Uber economy and other ways of outsourcing\u201d, 21 Dicembre. Disponibile al sito: <a href=\"https:\/\/papers.ssrn.com\/sol3\/papers.cfm?abstract_id=2719772\" target=\"_blank\" rel=\"noreferrer noopener\">https:\/\/papers.ssrn.com\/sol3\/papers.cfm?abstract_id=2719772<\/a>.<\/p>\n<p>Yuen Thompson, B. (2021). <em>Digital Nomads Living on the Margins Remote-Working Laptop Entrepreneurs in the Gig Economy<\/em>. Emerald Publishing Ltd: Bingley.<\/p>\n<p>Woodcock J., Graham M. (2020). <em>The Gig Economy: A Critical Introduction<\/em>. Polity Press: Cambridge.<\/p>\n\n\t\t<\/div>\n\t\t\t\t\t<\/div>\n\n\t\n\n<\/div>\n\n","protected":false},"excerpt":{"rendered":"","protected":false},"author":1,"featured_media":0,"parent":0,"menu_order":0,"comment_status":"closed","ping_status":"closed","template":"","meta":{"footnotes":""},"class_list":["post-3929","page","type-page","status-publish","hentry"],"rttpg_featured_image_url":null,"rttpg_author":{"display_name":"viterbomarketing","author_link":"https:\/\/www.difree-project.it\/it\/author\/viterbomarketing\/"},"rttpg_comment":0,"rttpg_category":false,"rttpg_excerpt":null,"_links":{"self":[{"href":"https:\/\/www.difree-project.it\/it\/wp-json\/wp\/v2\/pages\/3929","targetHints":{"allow":["GET"]}}],"collection":[{"href":"https:\/\/www.difree-project.it\/it\/wp-json\/wp\/v2\/pages"}],"about":[{"href":"https:\/\/www.difree-project.it\/it\/wp-json\/wp\/v2\/types\/page"}],"author":[{"embeddable":true,"href":"https:\/\/www.difree-project.it\/it\/wp-json\/wp\/v2\/users\/1"}],"replies":[{"embeddable":true,"href":"https:\/\/www.difree-project.it\/it\/wp-json\/wp\/v2\/comments?post=3929"}],"version-history":[{"count":2,"href":"https:\/\/www.difree-project.it\/it\/wp-json\/wp\/v2\/pages\/3929\/revisions"}],"predecessor-version":[{"id":3931,"href":"https:\/\/www.difree-project.it\/it\/wp-json\/wp\/v2\/pages\/3929\/revisions\/3931"}],"wp:attachment":[{"href":"https:\/\/www.difree-project.it\/it\/wp-json\/wp\/v2\/media?parent=3929"}],"curies":[{"name":"wp","href":"https:\/\/api.w.org\/{rel}","templated":true}]}}