{"id":4243,"date":"2023-11-08T11:10:34","date_gmt":"2023-11-08T10:10:34","guid":{"rendered":"https:\/\/www.difree-project.it\/consortium\/"},"modified":"2024-06-03T15:35:52","modified_gmt":"2024-06-03T13:35:52","slug":"consortium","status":"publish","type":"page","link":"https:\/\/www.difree-project.it\/pt-pt\/consortium\/","title":{"rendered":"Consortium"},"content":{"rendered":"\n  <div id=\"page-header-1978432621\" class=\"page-header-wrapper\">\n  <div class=\"page-title light simple-title\">\n\n    \n    <div class=\"page-title-inner container align-center flex-row medium-flex-wrap\" >\n              <div class=\"title-wrapper flex-col text-left medium-text-center\">\n          <h1 class=\"entry-title mb-0\">\n            Consortium          <\/h1>\n        <\/div>\n                    <div class=\"title-content flex-col flex-right text-right medium-text-center\">\n        <div class=\"title-breadcrumbs pb-half pt-half\"><\/div>      <\/div>\n    <\/div>\n\n       <\/div>\n    <\/div>\n  \n\n<div class=\"is-divider divider clearfix\" ><\/div>\n\n<p>Os objetivos do Cons\u00f3rcio DiFree s\u00e3o ambiciosos. Este visa atender estudantes do ensino superior rec\u00e9m-formados, bem como professores, oferecendo ferramentas pr\u00e1ticas e oportunidades de desenvolvimento de compet\u00eancias e desenvolvimento de carreira.<\/p>\n<p>DiFree Consortium consists of team members with relevant expertise:<\/p>\n\n<div class=\"row align-middle\"  id=\"row-1029870\">\n\n\n\t<div id=\"col-59601220\" class=\"col medium-6 small-12 large-6\"  >\n\t\t\t\t<div class=\"col-inner\" style=\"background-color:rgb(255, 255, 255);\" >\n\t\t\t\n\t<div class=\"is-border\"\n\t\tstyle=\"border-color:rgb(189, 189, 189);border-width:1px 1px 1px 1px;\">\n\t<\/div>\n\t\t\t\n\n    <div class=\"box has-hover has-hover box-text-bottom\" >\n\n         <a href=\"https:\/\/www.unitus.it\/en\/\" >         <div class=\"box-image \" style=\"width:75%;\">\n           <div class=\"box-image-inner image-cover\" style=\"padding-top:40%;\">\n              <img loading=\"lazy\" decoding=\"async\" width=\"1668\" height=\"656\" src=\"https:\/\/www.difree-project.it\/wp-content\/uploads\/2023\/11\/unitus_marchio_2020_RIT.png\" class=\"attachment- size-\" alt=\"\" srcset=\"https:\/\/www.difree-project.it\/wp-content\/uploads\/2023\/11\/unitus_marchio_2020_RIT.png 1668w, https:\/\/www.difree-project.it\/wp-content\/uploads\/2023\/11\/unitus_marchio_2020_RIT-300x118.png 300w, https:\/\/www.difree-project.it\/wp-content\/uploads\/2023\/11\/unitus_marchio_2020_RIT-1024x403.png 1024w, https:\/\/www.difree-project.it\/wp-content\/uploads\/2023\/11\/unitus_marchio_2020_RIT-768x302.png 768w, https:\/\/www.difree-project.it\/wp-content\/uploads\/2023\/11\/unitus_marchio_2020_RIT-1536x604.png 1536w\" sizes=\"auto, (max-width: 1668px) 100vw, 1668px\" \/>                         <\/div>\n          <\/div>\n         <\/a>\n          <div class=\"box-text text-center\" >\n                <div class=\"box-text-inner\">\n                  <h4 class=\"uppercase\">\n                    <span class=\"person-name\">Universit\u00e0 della Tuscia<\/span><br\/>\n                    <span class=\"person-title is-small thin-font op-7\">\n                      (Viterbo, Italy)                    <\/span>\n                  <\/h4>\n\t\t\t\t\t\n\n<div class=\"is-divider divider clearfix\" ><\/div>\n\n<h3><strong>PROJECT COORDINATOR<\/strong><\/h3>\n\n                <\/div>\n          <\/div>\n    <\/div>\n\n\t\n    \n\n\t\t<\/div>\n\t\t\t\t\n<style>\n#col-59601220 > .col-inner {\n  padding: 20px 0px 0px 0px;\n}\n<\/style>\n\t<\/div>\n\n\t\n\n<\/div>\n<div class=\"row align-equal\"  id=\"row-358239330\">\n\n\n\t<div id=\"col-1746997808\" class=\"col medium-3 small-12 large-3\"  >\n\t\t\t\t<div class=\"col-inner\" style=\"background-color:rgb(255, 255, 255);\" >\n\t\t\t\n\t<div class=\"is-border\"\n\t\tstyle=\"border-color:rgb(189, 189, 189);border-width:1px 1px 1px 1px;\">\n\t<\/div>\n\t\t\t\n\n    <div class=\"box has-hover has-hover box-text-bottom\" >\n\n         <a href=\"https:\/\/www.crslaghi.net\/en\/\" >         <div class=\"box-image \" style=\"width:75%;\">\n           <div class=\"box-image-inner image-cover\" style=\"padding-top:30%;\">\n              <img loading=\"lazy\" decoding=\"async\" width=\"600\" height=\"184\" src=\"https:\/\/www.difree-project.it\/wp-content\/uploads\/2023\/11\/logo_crslaghi.png\" class=\"attachment- size-\" alt=\"\" srcset=\"https:\/\/www.difree-project.it\/wp-content\/uploads\/2023\/11\/logo_crslaghi.png 600w, https:\/\/www.difree-project.it\/wp-content\/uploads\/2023\/11\/logo_crslaghi-300x92.png 300w\" sizes=\"auto, (max-width: 600px) 100vw, 600px\" \/>                         <\/div>\n          <\/div>\n         <\/a>\n          <div class=\"box-text text-center\" >\n                <div class=\"box-text-inner\">\n                  <h4 class=\"uppercase\">\n                    <span class=\"person-name\">Centro Studi e Ricerche dei Laghi<\/span><br\/>\n                    <span class=\"person-title is-small thin-font op-7\">\n                      (Milan, Italy)                    <\/span>\n                  <\/h4>\n\t\t\t\t\t\n\n<div class=\"is-divider divider clearfix\" ><\/div>\n\n<p>an academic spin-off of an academic spin-off of the Carolina Albasio School of Advanced Studies in Castellanza<\/p>\n\n                <\/div>\n          <\/div>\n    <\/div>\n\n\t\n    \n\n\t\t<\/div>\n\t\t\t\t\n<style>\n#col-1746997808 > .col-inner {\n  padding: 20px 0px 0px 0px;\n}\n<\/style>\n\t<\/div>\n\n\t\n\n\t<div id=\"col-1160474382\" class=\"col medium-3 small-12 large-3\"  >\n\t\t\t\t<div class=\"col-inner\" style=\"background-color:rgb(255, 255, 255);\" >\n\t\t\t\n\t<div class=\"is-border\"\n\t\tstyle=\"border-color:rgb(189, 189, 189);border-width:1px 1px 1px 1px;\">\n\t<\/div>\n\t\t\t\n\n    <div class=\"box has-hover has-hover box-text-bottom\" >\n\n         <a href=\"https:\/\/www.crslaghi.net\/en\/\" >         <div class=\"box-image \" style=\"width:75%;\">\n           <div class=\"box-image-inner image-cover\" style=\"padding-top:30%;\">\n              <img loading=\"lazy\" decoding=\"async\" width=\"2211\" height=\"468\" src=\"https:\/\/www.difree-project.it\/wp-content\/uploads\/2023\/11\/logo_Panteion_red_Horizontal-01.png\" class=\"attachment- size-\" alt=\"\" srcset=\"https:\/\/www.difree-project.it\/wp-content\/uploads\/2023\/11\/logo_Panteion_red_Horizontal-01.png 2211w, https:\/\/www.difree-project.it\/wp-content\/uploads\/2023\/11\/logo_Panteion_red_Horizontal-01-300x64.png 300w, https:\/\/www.difree-project.it\/wp-content\/uploads\/2023\/11\/logo_Panteion_red_Horizontal-01-1024x217.png 1024w, https:\/\/www.difree-project.it\/wp-content\/uploads\/2023\/11\/logo_Panteion_red_Horizontal-01-768x163.png 768w, https:\/\/www.difree-project.it\/wp-content\/uploads\/2023\/11\/logo_Panteion_red_Horizontal-01-1536x325.png 1536w, https:\/\/www.difree-project.it\/wp-content\/uploads\/2023\/11\/logo_Panteion_red_Horizontal-01-2048x433.png 2048w\" sizes=\"auto, (max-width: 2211px) 100vw, 2211px\" \/>                         <\/div>\n          <\/div>\n         <\/a>\n          <div class=\"box-text text-center\" >\n                <div class=\"box-text-inner\">\n                  <h4 class=\"uppercase\">\n                    <span class=\"person-name\">Panteio Panepistimio Koinonikon Kai Politikon Epistimon<\/span><br\/>\n                    <span class=\"person-title is-small thin-font op-7\">\n                      (Athens, Greece)                    <\/span>\n                  <\/h4>\n\t\t\t\t\t\n\n\n                <\/div>\n          <\/div>\n    <\/div>\n\n\t\n    \n\n\t\t<\/div>\n\t\t\t\t\n<style>\n#col-1160474382 > .col-inner {\n  padding: 20px 0px 0px 0px;\n}\n<\/style>\n\t<\/div>\n\n\t\n\n\t<div id=\"col-1166232888\" class=\"col medium-3 small-12 large-3\"  >\n\t\t\t\t<div class=\"col-inner\" style=\"background-color:rgb(255, 255, 255);\" >\n\t\t\t\n\t<div class=\"is-border\"\n\t\tstyle=\"border-color:rgb(189, 189, 189);border-width:1px 1px 1px 1px;\">\n\t<\/div>\n\t\t\t\n\n    <div class=\"box has-hover has-hover box-text-bottom\" >\n\n         <a href=\"https:\/\/www.crslaghi.net\/en\/\" >         <div class=\"box-image \" style=\"width:93%;\">\n           <div class=\"box-image-inner image-cover\" style=\"padding-top:20%;\">\n              <img loading=\"lazy\" decoding=\"async\" width=\"2480\" height=\"530\" src=\"https:\/\/www.difree-project.it\/wp-content\/uploads\/2023\/11\/167326188_74201012490.jpg\" class=\"attachment- size-\" alt=\"\" srcset=\"https:\/\/www.difree-project.it\/wp-content\/uploads\/2023\/11\/167326188_74201012490.jpg 2480w, https:\/\/www.difree-project.it\/wp-content\/uploads\/2023\/11\/167326188_74201012490-300x64.jpg 300w, https:\/\/www.difree-project.it\/wp-content\/uploads\/2023\/11\/167326188_74201012490-1024x219.jpg 1024w, https:\/\/www.difree-project.it\/wp-content\/uploads\/2023\/11\/167326188_74201012490-768x164.jpg 768w, https:\/\/www.difree-project.it\/wp-content\/uploads\/2023\/11\/167326188_74201012490-1536x328.jpg 1536w, https:\/\/www.difree-project.it\/wp-content\/uploads\/2023\/11\/167326188_74201012490-2048x438.jpg 2048w\" sizes=\"auto, (max-width: 2480px) 100vw, 2480px\" \/>                         <\/div>\n          <\/div>\n         <\/a>\n          <div class=\"box-text text-center\" >\n                <div class=\"box-text-inner\">\n                  <h4 class=\"uppercase\">\n                    <span class=\"person-name\">Universidad de C\u00e1diz<\/span><br\/>\n                    <span class=\"person-title is-small thin-font op-7\">\n                      (C\u00e1diz, Spain)                    <\/span>\n                  <\/h4>\n\t\t\t\t\t\n\n\n                <\/div>\n          <\/div>\n    <\/div>\n\n\t\n    \n\n\t\t<\/div>\n\t\t\t\t\n<style>\n#col-1166232888 > .col-inner {\n  padding: 20px 0px 0px 0px;\n}\n<\/style>\n\t<\/div>\n\n\t\n\n\t<div id=\"col-1392228292\" class=\"col medium-3 small-12 large-3\"  >\n\t\t\t\t<div class=\"col-inner\" style=\"background-color:rgb(255, 255, 255);\" >\n\t\t\t\n\t<div class=\"is-border\"\n\t\tstyle=\"border-color:rgb(189, 189, 189);border-width:1px 1px 1px 1px;\">\n\t<\/div>\n\t\t\t\n\n    <div class=\"box has-hover has-hover box-text-bottom\" >\n\n         <a href=\"https:\/\/www.crslaghi.net\/en\/\" >         <div class=\"box-image \" style=\"width:93%;\">\n           <div class=\"box-image-inner image-cover\" style=\"padding-top:40%;\">\n              <img loading=\"lazy\" decoding=\"async\" width=\"1024\" height=\"449\" src=\"https:\/\/www.difree-project.it\/wp-content\/uploads\/2023\/11\/porto-1024x449-1.jpg\" class=\"attachment- size-\" alt=\"\" srcset=\"https:\/\/www.difree-project.it\/wp-content\/uploads\/2023\/11\/porto-1024x449-1.jpg 1024w, https:\/\/www.difree-project.it\/wp-content\/uploads\/2023\/11\/porto-1024x449-1-300x132.jpg 300w, https:\/\/www.difree-project.it\/wp-content\/uploads\/2023\/11\/porto-1024x449-1-768x337.jpg 768w\" sizes=\"auto, (max-width: 1024px) 100vw, 1024px\" \/>                         <\/div>\n          <\/div>\n         <\/a>\n          <div class=\"box-text text-center\" >\n                <div class=\"box-text-inner\">\n                  <h4 class=\"uppercase\">\n                    <span class=\"person-name\">Instituto Politecnico do Porto<\/span><br\/>\n                    <span class=\"person-title is-small thin-font op-7\">\n                      (Norte Porto, Portugal)                    <\/span>\n                  <\/h4>\n\t\t\t\t\t\n\n\n                <\/div>\n          <\/div>\n    <\/div>\n\n\t\n    \n\n\t\t<\/div>\n\t\t\t\t\n<style>\n#col-1392228292 > .col-inner {\n  padding: 20px 0px 0px 0px;\n}\n<\/style>\n\t<\/div>\n\n\t\n\n<\/div>\n\n","protected":false},"excerpt":{"rendered":"","protected":false},"author":1,"featured_media":0,"parent":0,"menu_order":0,"comment_status":"closed","ping_status":"closed","template":"","meta":{"footnotes":""},"class_list":["post-4243","page","type-page","status-publish","hentry"],"rttpg_featured_image_url":null,"rttpg_author":{"display_name":"viterbomarketing","author_link":"https:\/\/www.difree-project.it\/pt-pt\/author\/viterbomarketing\/"},"rttpg_comment":0,"rttpg_category":" <a href=\"https:\/\/www.difree-project.it\/pt-pt\/?taxonomy=translation_priority&#038;term=opzionale-pt-pt\" rel=\"tag\">Opzionale<\/a>","rttpg_excerpt":null,"_links":{"self":[{"href":"https:\/\/www.difree-project.it\/pt-pt\/wp-json\/wp\/v2\/pages\/4243","targetHints":{"allow":["GET"]}}],"collection":[{"href":"https:\/\/www.difree-project.it\/pt-pt\/wp-json\/wp\/v2\/pages"}],"about":[{"href":"https:\/\/www.difree-project.it\/pt-pt\/wp-json\/wp\/v2\/types\/page"}],"author":[{"embeddable":true,"href":"https:\/\/www.difree-project.it\/pt-pt\/wp-json\/wp\/v2\/users\/1"}],"replies":[{"embeddable":true,"href":"https:\/\/www.difree-project.it\/pt-pt\/wp-json\/wp\/v2\/comments?post=4243"}],"version-history":[{"count":2,"href":"https:\/\/www.difree-project.it\/pt-pt\/wp-json\/wp\/v2\/pages\/4243\/revisions"}],"predecessor-version":[{"id":4245,"href":"https:\/\/www.difree-project.it\/pt-pt\/wp-json\/wp\/v2\/pages\/4243\/revisions\/4245"}],"wp:attachment":[{"href":"https:\/\/www.difree-project.it\/pt-pt\/wp-json\/wp\/v2\/media?parent=4243"}],"curies":[{"name":"wp","href":"https:\/\/api.w.org\/{rel}","templated":true}]}}