{"id":4270,"date":"2023-11-08T11:07:48","date_gmt":"2023-11-08T10:07:48","guid":{"rendered":"https:\/\/www.difree-project.it\/pr1-toolbox-how-to-freelance-online\/"},"modified":"2025-04-01T10:02:38","modified_gmt":"2025-04-01T08:02:38","slug":"pr1-toolbox-how-to-freelance-online","status":"publish","type":"page","link":"https:\/\/www.difree-project.it\/pt-pt\/pr1-toolbox-how-to-freelance-online\/","title":{"rendered":"PR1: Kit De Ferramentas &#8211; Como Trabalhar Como Freelancer Online"},"content":{"rendered":"\n  <div id=\"page-header-1344688406\" class=\"page-header-wrapper\">\n  <div class=\"page-title light simple-title\">\n\n    \n    <div class=\"page-title-inner container align-center flex-row medium-flex-wrap\" >\n              <div class=\"title-wrapper flex-col text-left medium-text-center\">\n          <h1 class=\"entry-title mb-0\">\n            PR1: Kit De Ferramentas &#8211; Como Trabalhar Como Freelancer Online          <\/h1>\n        <\/div>\n                    <div class=\"title-content flex-col flex-right text-right medium-text-center\">\n        <div class=\"title-breadcrumbs pb-half pt-half\"><\/div>      <\/div>\n    <\/div>\n\n       <\/div>\n    <\/div>\n  \n\n<div class=\"is-divider divider clearfix\" ><\/div>\n\n<h3>Uma pesquisa de mercado sobre o mercado de trabalho freelancer.<\/h3>\n<a href=\"https:\/\/docs.google.com\/forms\/d\/1AZ4vfbXudXmXUCg-SFqEDAwGcov83aRgUNGnHuRusy8\/edit?ts=636cce63\" target=\"_blank\" class=\"button primary\" rel=\"noopener\"  >\n\t\t<span>market survey<\/span>\n\t<\/a>\n\n\n<h3>Entrevistas com profissionais freelancers, dispon\u00edveis em v\u00eddeo.<\/h3>\n<a href=\"https:\/\/www.difree-project.it\/video-interviews\/\" class=\"button primary\"  >\n\t\t<span>video interviews<\/span>\n\t<\/a>\n\n\n<h3>Um e-book, <em>How to freelance online <\/em>(Como trabalhar como freelancer online), traduzido para as l\u00ednguas nacionais dos parceiros, com informa\u00e7\u00f5es pr\u00e1ticas sobre as aptid\u00f5es e compet\u00eancias necess\u00e1rias para iniciar uma carreira como freelancer digital, o estatuto jur\u00eddico do trabalho independente e os aspectos fiscais aplic\u00e1veis nos pa\u00edses do cons\u00f3rcio.<\/h3>\n<h3>Este manual \u00e9 complementado por material did\u00e1tico e actividades de aprendizagem interactivas, que consistem em leituras, exerc\u00edcios para desenvolver vocabul\u00e1rio especializado em ingl\u00eas e para ajudar a redigir o CV\/curr\u00edculo\/portf\u00f3lio, candidatura a emprego, carta de apresenta\u00e7\u00e3o e textos \u00fateis para a procura de emprego, dispon\u00edveis no curso de acesso livre Moodle <em>From Job Hunting to Cold Pitching<\/em>.<\/h3>\n<div class=\"row\"  id=\"row-363103531\">\r\n\r\n\n\t<div id=\"col-1270941999\" class=\"col small-12 large-12\"  >\n\t\t\t\t<div class=\"col-inner\"  >\n\t\t\t\n\t\t\t\r\n\r\n<a href=\"https:\/\/www.difree-project.it\/wp-content\/uploads\/2025\/03\/DiFREE-Toolkit-Ebook-1st-ed-PDF_English.pdf\" class=\"button primary\"  >\n\t\t<span>download e-book (english)<\/span>\n\t<i class=\"icon-angle-down\" aria-hidden=\"true\" ><\/i><\/a>\n\r\n\r\n<a href=\"https:\/\/www.difree-project.it\/wp-content\/uploads\/2025\/03\/DiFree-Ebook-PDF_Greek_compressed.pdf\" class=\"button primary\"  >\n\t\t<span>download e-book (greek)<\/span>\n\t<\/a>\n\r\n\r\n<a href=\"https:\/\/www.difree-project.it\/wp-content\/uploads\/2025\/03\/DIFREE-Ebook-PDF_Italian.pdf\" class=\"button primary\"  >\n\t\t<span>download e-book (italiano)<\/span>\n\t<i class=\"icon-angle-down\" aria-hidden=\"true\" ><\/i><\/a>\n\r\n\r\n<a href=\"https:\/\/www.difree-project.it\/wp-content\/uploads\/2025\/03\/DiFree-Ebook-PDF_Portuguese.pdf\" class=\"button primary\"  >\n\t\t<span>download e-book (portuguese)<\/span>\n\t<i class=\"icon-angle-down\" aria-hidden=\"true\" ><\/i><\/a>\n\r\n\r\n<a href=\"https:\/\/www.difree-project.it\/wp-content\/uploads\/2025\/03\/DiFree-Ebook-PDF_Spanish.pdf\" class=\"button primary\"  >\n\t\t<span>download e-book (spanish)<\/span>\n\t<i class=\"icon-angle-down\" aria-hidden=\"true\" ><\/i><\/a>\n\r\n\r\n\t\t<\/div>\n\t\t\t\t\t<\/div>\n\n\t\r\n\r\n<\/div>\n\n<h3>E-Book PDF Rev. 2\u00aa ed. com material did\u00e1tico<\/h3>\n<div class=\"row\"  id=\"row-1972841574\">\n\n\n\t<div id=\"col-1488538529\" class=\"col small-12 large-12\"  >\n\t\t\t\t<div class=\"col-inner\"  >\n\t\t\t\n\t\t\t\n\n<a href=\"https:\/\/www.difree-project.it\/wp-content\/uploads\/2025\/04\/DiFree-Ebook-English-version-compressed.pdf\" class=\"button primary\"  >\n\t\t<span>DOWNLOAD EPUB (ENGLISH)<\/span>\n\t<\/a>\n\n\n<a href=\"https:\/\/www.difree-project.it\/wp-content\/uploads\/2025\/04\/DiFree-Ebook-Greek-version.pdf\" class=\"button primary\"  >\n\t\t<span>DOWNLOAD EPUB (GREEK)<\/span>\n\t<\/a>\n\n\n<a href=\"https:\/\/www.difree-project.it\/wp-content\/uploads\/2025\/04\/DiFree-Ebook-versione-in-italiano.pdf\" class=\"button primary\"  >\n\t\t<span>DOWNLOAD EPUB (ITALIAN)<\/span>\n\t<\/a>\n\n\n<a href=\"https:\/\/www.difree-project.it\/wp-content\/uploads\/2025\/04\/DiFree-Ebook-Portuguese-version.pdf\" class=\"button primary\"  >\n\t\t<span>DOWNLOAD EPUB (PORTUGUESE)<\/span>\n\t<\/a>\n\n\n<a href=\"https:\/\/www.difree-project.it\/wp-content\/uploads\/2025\/04\/DiFree-Ebook-Spanish-version.pdf\" class=\"button primary\"  >\n\t\t<span>DOWNLOAD EPUB (SPANISH)<\/span>\n\t<\/a>\n\n\n\n\t\t<\/div>\n\t\t\t\t\t<\/div>\n\n\t\n\n<\/div>\n\n\n","protected":false},"excerpt":{"rendered":"","protected":false},"author":1,"featured_media":0,"parent":0,"menu_order":0,"comment_status":"closed","ping_status":"closed","template":"","meta":{"footnotes":""},"class_list":["post-4270","page","type-page","status-publish","hentry"],"rttpg_featured_image_url":null,"rttpg_author":{"display_name":"viterbomarketing","author_link":"https:\/\/www.difree-project.it\/pt-pt\/author\/viterbomarketing\/"},"rttpg_comment":0,"rttpg_category":" <a href=\"https:\/\/www.difree-project.it\/pt-pt\/?taxonomy=translation_priority&#038;term=opzionale-pt-pt\" rel=\"tag\">Opzionale<\/a>","rttpg_excerpt":null,"_links":{"self":[{"href":"https:\/\/www.difree-project.it\/pt-pt\/wp-json\/wp\/v2\/pages\/4270","targetHints":{"allow":["GET"]}}],"collection":[{"href":"https:\/\/www.difree-project.it\/pt-pt\/wp-json\/wp\/v2\/pages"}],"about":[{"href":"https:\/\/www.difree-project.it\/pt-pt\/wp-json\/wp\/v2\/types\/page"}],"author":[{"embeddable":true,"href":"https:\/\/www.difree-project.it\/pt-pt\/wp-json\/wp\/v2\/users\/1"}],"replies":[{"embeddable":true,"href":"https:\/\/www.difree-project.it\/pt-pt\/wp-json\/wp\/v2\/comments?post=4270"}],"version-history":[{"count":10,"href":"https:\/\/www.difree-project.it\/pt-pt\/wp-json\/wp\/v2\/pages\/4270\/revisions"}],"predecessor-version":[{"id":5378,"href":"https:\/\/www.difree-project.it\/pt-pt\/wp-json\/wp\/v2\/pages\/4270\/revisions\/5378"}],"wp:attachment":[{"href":"https:\/\/www.difree-project.it\/pt-pt\/wp-json\/wp\/v2\/media?parent=4270"}],"curies":[{"name":"wp","href":"https:\/\/api.w.org\/{rel}","templated":true}]}}