{"id":4276,"date":"2023-11-08T11:08:04","date_gmt":"2023-11-08T10:08:04","guid":{"rendered":"https:\/\/www.difree-project.it\/pr2-digital-multilingual-repository\/"},"modified":"2024-06-03T15:56:26","modified_gmt":"2024-06-03T13:56:26","slug":"pr2-digital-multilingual-repository","status":"publish","type":"page","link":"https:\/\/www.difree-project.it\/pt-pt\/pr2-digital-multilingual-repository\/","title":{"rendered":"PR2: Arquivo Digital Multil\u00edngue"},"content":{"rendered":"\n  <div id=\"page-header-1126735311\" class=\"page-header-wrapper\">\n  <div class=\"page-title light simple-title\">\n\n    \n    <div class=\"page-title-inner container align-center flex-row medium-flex-wrap\" >\n              <div class=\"title-wrapper flex-col text-left medium-text-center\">\n          <h1 class=\"entry-title mb-0\">\n            PR2: Arquivo Digital Multil\u00edngue          <\/h1>\n        <\/div>\n                    <div class=\"title-content flex-col flex-right text-right medium-text-center\">\n        <div class=\"title-breadcrumbs pb-half pt-half\"><\/div>      <\/div>\n    <\/div>\n\n       <\/div>\n    <\/div>\n  \n\n<div class=\"is-divider divider clearfix\" ><\/div>\n\n<a href=\"\/doc-repo\/\" class=\"button primary\" >\n\t\t<span>repository<\/span>\n\t<\/a>\n\n\n<p>Um OER na forma de um arquivo de conte\u00fado multil\u00edngue e multimodal de modelos de portf\u00f3lio\/CV\/curr\u00edculo enriquecido com um curso gratuito Moodle From Job Hunting to Cold Pitching (Da procura de emprego \u00e0 procura de clientes) que fornece leituras interativas e exerc\u00edcios lingu\u00edsticos, gloss\u00e1rios, listas de vocabul\u00e1rio e fraseologia \u00fatil para ajudar aqueles que procuram emprego e clientes a conhecer as compet\u00eancias necess\u00e1rias, desenvolver a micro linguagem e melhorar as habilidades de escrita necess\u00e1rias para ter sucesso na procura de emprego e de clientes, no mercado global.<\/p>\n\n\n","protected":false},"excerpt":{"rendered":"","protected":false},"author":1,"featured_media":0,"parent":0,"menu_order":0,"comment_status":"closed","ping_status":"closed","template":"","meta":{"footnotes":""},"class_list":["post-4276","page","type-page","status-publish","hentry"],"rttpg_featured_image_url":null,"rttpg_author":{"display_name":"viterbomarketing","author_link":"https:\/\/www.difree-project.it\/pt-pt\/author\/viterbomarketing\/"},"rttpg_comment":0,"rttpg_category":" <a href=\"https:\/\/www.difree-project.it\/pt-pt\/?taxonomy=translation_priority&#038;term=opzionale-pt-pt\" rel=\"tag\">Opzionale<\/a>","rttpg_excerpt":null,"_links":{"self":[{"href":"https:\/\/www.difree-project.it\/pt-pt\/wp-json\/wp\/v2\/pages\/4276","targetHints":{"allow":["GET"]}}],"collection":[{"href":"https:\/\/www.difree-project.it\/pt-pt\/wp-json\/wp\/v2\/pages"}],"about":[{"href":"https:\/\/www.difree-project.it\/pt-pt\/wp-json\/wp\/v2\/types\/page"}],"author":[{"embeddable":true,"href":"https:\/\/www.difree-project.it\/pt-pt\/wp-json\/wp\/v2\/users\/1"}],"replies":[{"embeddable":true,"href":"https:\/\/www.difree-project.it\/pt-pt\/wp-json\/wp\/v2\/comments?post=4276"}],"version-history":[{"count":2,"href":"https:\/\/www.difree-project.it\/pt-pt\/wp-json\/wp\/v2\/pages\/4276\/revisions"}],"predecessor-version":[{"id":4278,"href":"https:\/\/www.difree-project.it\/pt-pt\/wp-json\/wp\/v2\/pages\/4276\/revisions\/4278"}],"wp:attachment":[{"href":"https:\/\/www.difree-project.it\/pt-pt\/wp-json\/wp\/v2\/media?parent=4276"}],"curies":[{"name":"wp","href":"https:\/\/api.w.org\/{rel}","templated":true}]}}