{"id":4285,"date":"2023-11-08T11:08:39","date_gmt":"2023-11-08T10:08:39","guid":{"rendered":"https:\/\/www.difree-project.it\/pr4-self-evaluation-self-vocational-assessment-tool\/"},"modified":"2025-03-31T09:15:15","modified_gmt":"2025-03-31T07:15:15","slug":"pr4-self-evaluation-self-vocational-assessment-tool","status":"publish","type":"page","link":"https:\/\/www.difree-project.it\/pt-pt\/pr4-self-evaluation-self-vocational-assessment-tool\/","title":{"rendered":"PR4: Ferramenta De Autoavalia\u00e7\u00e3o E Avalia\u00e7\u00e3o Profissional"},"content":{"rendered":"\n  <div id=\"page-header-919997623\" class=\"page-header-wrapper\">\n  <div class=\"page-title light simple-title\">\n\n    \n    <div class=\"page-title-inner container align-center flex-row medium-flex-wrap\" >\n              <div class=\"title-wrapper flex-col text-left medium-text-center\">\n          <h1 class=\"entry-title mb-0\">\n            PR4: Ferramenta De Autoavalia\u00e7\u00e3o E Avalia\u00e7\u00e3o Profissional          <\/h1>\n        <\/div>\n                    <div class=\"title-content flex-col flex-right text-right medium-text-center\">\n        <div class=\"title-breadcrumbs pb-half pt-half\"><\/div>      <\/div>\n    <\/div>\n\n       <\/div>\n    <\/div>\n  \n\n<div class=\"is-divider divider clearfix\" ><\/div>\n\n<p>Uma ferramenta de autoavalia\u00e7\u00e3o das compet\u00eancias pessoais e profissionais que consiste em uma plataforma onde os utilizadores podem testar as suas compet\u00eancias digitais e empresariais e acompanhar o seu desenvolvimento ao longo do tempo.<\/p>\n<p>O Question\u00e1rio de Autoavalia\u00e7\u00e3o e Autoorienta\u00e7\u00e3o Profissional DiFree foi concebido para ajudar estudantes e aspirantes a freelancers a refletirem sobre as suas pr\u00f3prias compet\u00eancias digitais e empreendedoras.<br \/>\nAp\u00f3s o registo, os utilizadores podem aceder a um question\u00e1rio interativo baseado nos referenciais europeus DIGCOMP (Quadro Europeu de Compet\u00eancia Digital) e ENTRECOMP (Quadro Europeu de Compet\u00eancia Empreendedora). Usando uma escala de Likert, os utilizadores avaliam o seu n\u00edvel de confian\u00e7a e experi\u00eancia em \u00e1reas-chave de compet\u00eancia.<br \/>\nNo final do processo, cada utilizador recebe um relat\u00f3rio personalizado que resume os seus pontos fortes e \u00e1reas a desenvolver.<br \/>\nO question\u00e1rio pode ser preenchido novamente ap\u00f3s algum tempo, de forma a avaliar a evolu\u00e7\u00e3o das compet\u00eancias e medir eventuais melhorias.<br \/>\nEsta ferramenta \u00e9 ideal para apoiar a autoconsci\u00eancia, o crescimento pessoal e o planeamento de carreira no contexto da economia digital freelancer.<\/p>\n<a href=\"http:\/\/difree.uca.es\" target=\"_blank\" class=\"button primary\" rel=\"noopener\" >\n\t\t<span>visit difree.uca.es<\/span>\n\t<i class=\"icon-angle-right\" aria-hidden=\"true\"><\/i><\/a>\n\n\n<a href=\"https:\/\/www.difree-project.it\/wp-content\/uploads\/2025\/03\/Step-by-step-guide-to-the-use-of-the-Self-Assessment-Tool.pdf\" target=\"_blank\" class=\"button primary\" rel=\"noopener\" >\n\t\t<span>Step by step guide to the use of the Self-Assessment Tool<\/span>\n\t<i class=\"icon-angle-right\" aria-hidden=\"true\"><\/i><\/a>\n\n\n\n","protected":false},"excerpt":{"rendered":"","protected":false},"author":1,"featured_media":0,"parent":0,"menu_order":0,"comment_status":"closed","ping_status":"closed","template":"","meta":{"footnotes":""},"class_list":["post-4285","page","type-page","status-publish","hentry"],"rttpg_featured_image_url":null,"rttpg_author":{"display_name":"viterbomarketing","author_link":"https:\/\/www.difree-project.it\/pt-pt\/author\/viterbomarketing\/"},"rttpg_comment":0,"rttpg_category":" <a href=\"https:\/\/www.difree-project.it\/pt-pt\/?taxonomy=translation_priority&#038;term=opzionale-pt-pt\" rel=\"tag\">Opzionale<\/a>","rttpg_excerpt":null,"_links":{"self":[{"href":"https:\/\/www.difree-project.it\/pt-pt\/wp-json\/wp\/v2\/pages\/4285","targetHints":{"allow":["GET"]}}],"collection":[{"href":"https:\/\/www.difree-project.it\/pt-pt\/wp-json\/wp\/v2\/pages"}],"about":[{"href":"https:\/\/www.difree-project.it\/pt-pt\/wp-json\/wp\/v2\/types\/page"}],"author":[{"embeddable":true,"href":"https:\/\/www.difree-project.it\/pt-pt\/wp-json\/wp\/v2\/users\/1"}],"replies":[{"embeddable":true,"href":"https:\/\/www.difree-project.it\/pt-pt\/wp-json\/wp\/v2\/comments?post=4285"}],"version-history":[{"count":4,"href":"https:\/\/www.difree-project.it\/pt-pt\/wp-json\/wp\/v2\/pages\/4285\/revisions"}],"predecessor-version":[{"id":5346,"href":"https:\/\/www.difree-project.it\/pt-pt\/wp-json\/wp\/v2\/pages\/4285\/revisions\/5346"}],"wp:attachment":[{"href":"https:\/\/www.difree-project.it\/pt-pt\/wp-json\/wp\/v2\/media?parent=4285"}],"curies":[{"name":"wp","href":"https:\/\/api.w.org\/{rel}","templated":true}]}}