{"id":4288,"date":"2023-11-08T11:08:53","date_gmt":"2023-11-08T10:08:53","guid":{"rendered":"https:\/\/www.difree-project.it\/pr5-virtual-freelance-hubs\/"},"modified":"2025-04-01T10:46:46","modified_gmt":"2025-04-01T08:46:46","slug":"pr5-virtual-freelance-hubs","status":"publish","type":"page","link":"https:\/\/www.difree-project.it\/pt-pt\/pr5-virtual-freelance-hubs\/","title":{"rendered":"PR5: Hub Virtual De Freelancing"},"content":{"rendered":"\n  <div id=\"page-header-1267487996\" class=\"page-header-wrapper\">\n  <div class=\"page-title light simple-title\">\n\n    \n    <div class=\"page-title-inner container align-center flex-row medium-flex-wrap\" >\n              <div class=\"title-wrapper flex-col text-left medium-text-center\">\n          <h1 class=\"entry-title mb-0\">\n            PR5: Hub Virtual De Freelancing          <\/h1>\n        <\/div>\n                    <div class=\"title-content flex-col flex-right text-right medium-text-center\">\n        <div class=\"title-breadcrumbs pb-half pt-half\"><\/div>      <\/div>\n    <\/div>\n\n       <\/div>\n    <\/div>\n  \n\n<div class=\"is-divider divider clearfix\" ><\/div>\n\n<p>Locais virtuais e f\u00edsicos onde os grupos-alvo podem encontrar um local de encontro para partilhar e produzir conhecimento e criar uma comunidade de pr\u00e1tica.<\/p>\n<p>O Freelance Hub, criado no \u00e2mbito do projeto DiFree e acolhido pela Universidade Panteion, funciona como um centro de recursos tanto virtual quanto f\u00edsico para pessoas que seguem carreiras como freelancers. Destina-se a estudantes do ensino superior, jovens freelancers, docentes interessados em atuar como mentores e freelancers de n\u00edvel m\u00e9dio e s\u00eanior, oferecendo-lhes informa\u00e7\u00f5es confi\u00e1veis, orienta\u00e7\u00e3o, programas de mentoria e oportunidades de forma\u00e7\u00e3o cont\u00ednua, atualiza\u00e7\u00e3o e requalifica\u00e7\u00e3o profissional.<\/p>\n<p>O hub d\u00e1 \u00eanfase ao desenvolvimento de compet\u00eancias transversais e soft skills, promovendo um espa\u00e7o onde estudantes e graduados podem conectar-se, partilhar conhecimentos, organizar eventos e interagir com a comunidade freelancer.<\/p>\n<p>O site apresenta not\u00edcias sobre pr\u00f3ximos eventos de desenvolvimento profissional, podcasts sobre constru\u00e7\u00e3o de carreira e busca de emprego, links para portais profissionais e sites de institui\u00e7\u00f5es nacionais parceiras ligadas ao mundo do trabalho, bem como entrevistas em v\u00eddeo com freelancers profissionais gravadas durante o desenvolvimento do Projeto DiFree.<\/p>\n<a href=\"https:\/\/difree-hub.eu\/\" class=\"button primary\"  >\n\t\t<span>freelance hub<\/span>\n\t<\/a>\n\n\n\n","protected":false},"excerpt":{"rendered":"","protected":false},"author":1,"featured_media":0,"parent":0,"menu_order":0,"comment_status":"closed","ping_status":"closed","template":"","meta":{"footnotes":""},"class_list":["post-4288","page","type-page","status-publish","hentry"],"rttpg_featured_image_url":null,"rttpg_author":{"display_name":"viterbomarketing","author_link":"https:\/\/www.difree-project.it\/pt-pt\/author\/viterbomarketing\/"},"rttpg_comment":0,"rttpg_category":" <a href=\"https:\/\/www.difree-project.it\/pt-pt\/?taxonomy=translation_priority&#038;term=opzionale-pt-pt\" rel=\"tag\">Opzionale<\/a>","rttpg_excerpt":null,"_links":{"self":[{"href":"https:\/\/www.difree-project.it\/pt-pt\/wp-json\/wp\/v2\/pages\/4288","targetHints":{"allow":["GET"]}}],"collection":[{"href":"https:\/\/www.difree-project.it\/pt-pt\/wp-json\/wp\/v2\/pages"}],"about":[{"href":"https:\/\/www.difree-project.it\/pt-pt\/wp-json\/wp\/v2\/types\/page"}],"author":[{"embeddable":true,"href":"https:\/\/www.difree-project.it\/pt-pt\/wp-json\/wp\/v2\/users\/1"}],"replies":[{"embeddable":true,"href":"https:\/\/www.difree-project.it\/pt-pt\/wp-json\/wp\/v2\/comments?post=4288"}],"version-history":[{"count":6,"href":"https:\/\/www.difree-project.it\/pt-pt\/wp-json\/wp\/v2\/pages\/4288\/revisions"}],"predecessor-version":[{"id":5393,"href":"https:\/\/www.difree-project.it\/pt-pt\/wp-json\/wp\/v2\/pages\/4288\/revisions\/5393"}],"wp:attachment":[{"href":"https:\/\/www.difree-project.it\/pt-pt\/wp-json\/wp\/v2\/media?parent=4288"}],"curies":[{"name":"wp","href":"https:\/\/api.w.org\/{rel}","templated":true}]}}