{"id":4292,"date":"2023-11-08T11:09:12","date_gmt":"2023-11-08T10:09:12","guid":{"rendered":"https:\/\/www.difree-project.it\/pr6-transferability-manual\/"},"modified":"2024-06-03T16:02:56","modified_gmt":"2024-06-03T14:02:56","slug":"pr6-transferability-manual","status":"publish","type":"page","link":"https:\/\/www.difree-project.it\/pt-pt\/pr6-transferability-manual\/","title":{"rendered":"PR6: MAnual De Transfer\u00eancia"},"content":{"rendered":"\n  <div id=\"page-header-1330039598\" class=\"page-header-wrapper\">\n  <div class=\"page-title light simple-title\">\n\n    \n    <div class=\"page-title-inner container align-center flex-row medium-flex-wrap\" >\n              <div class=\"title-wrapper flex-col text-left medium-text-center\">\n          <h1 class=\"entry-title mb-0\">\n            PR6: MAnual De Transfer\u00eancia          <\/h1>\n        <\/div>\n                    <div class=\"title-content flex-col flex-right text-right medium-text-center\">\n        <div class=\"title-breadcrumbs pb-half pt-half\"><\/div>      <\/div>\n    <\/div>\n\n       <\/div>\n    <\/div>\n  \n\n<div class=\"is-divider divider clearfix\" ><\/div>\n\n<p>\u25cf\tUm Transferability Manual (Manual de Transfer\u00eancia) final que descreve os resultados do projeto com os passos interm\u00e9dios  realizados para alcan\u00e7ar os RP (resultados dos produtos), ou seja, todas as atividades realizadas desde o in\u00edcio do projeto: uma pesquisa inicial sobre o mercado de trabalho freelancer, entrevistas em v\u00eddeo com profissionais freelancers, discuss\u00f5es em grupo com estudantes, profissionais liberais e empreendedores individuais sobre a import\u00e2ncia dos n\u00edveis de compet\u00eancia e das principais \u00e1reas de DigComp e EntreComp, bem como a coleta de hist\u00f3rias de sucesso e conselhos \u00fateis para aspirantes a freelancers, obtidos a partir de mentores e participantes nos hubs.<\/p>\n\n\n","protected":false},"excerpt":{"rendered":"","protected":false},"author":1,"featured_media":0,"parent":0,"menu_order":0,"comment_status":"closed","ping_status":"closed","template":"","meta":{"footnotes":""},"class_list":["post-4292","page","type-page","status-publish","hentry"],"rttpg_featured_image_url":null,"rttpg_author":{"display_name":"viterbomarketing","author_link":"https:\/\/www.difree-project.it\/pt-pt\/author\/viterbomarketing\/"},"rttpg_comment":0,"rttpg_category":" <a href=\"https:\/\/www.difree-project.it\/pt-pt\/?taxonomy=translation_priority&#038;term=opzionale-pt-pt\" rel=\"tag\">Opzionale<\/a>","rttpg_excerpt":null,"_links":{"self":[{"href":"https:\/\/www.difree-project.it\/pt-pt\/wp-json\/wp\/v2\/pages\/4292","targetHints":{"allow":["GET"]}}],"collection":[{"href":"https:\/\/www.difree-project.it\/pt-pt\/wp-json\/wp\/v2\/pages"}],"about":[{"href":"https:\/\/www.difree-project.it\/pt-pt\/wp-json\/wp\/v2\/types\/page"}],"author":[{"embeddable":true,"href":"https:\/\/www.difree-project.it\/pt-pt\/wp-json\/wp\/v2\/users\/1"}],"replies":[{"embeddable":true,"href":"https:\/\/www.difree-project.it\/pt-pt\/wp-json\/wp\/v2\/comments?post=4292"}],"version-history":[{"count":2,"href":"https:\/\/www.difree-project.it\/pt-pt\/wp-json\/wp\/v2\/pages\/4292\/revisions"}],"predecessor-version":[{"id":4294,"href":"https:\/\/www.difree-project.it\/pt-pt\/wp-json\/wp\/v2\/pages\/4292\/revisions\/4294"}],"wp:attachment":[{"href":"https:\/\/www.difree-project.it\/pt-pt\/wp-json\/wp\/v2\/media?parent=4292"}],"curies":[{"name":"wp","href":"https:\/\/api.w.org\/{rel}","templated":true}]}}